{"id":114,"date":"2022-07-19T11:58:41","date_gmt":"2022-07-19T11:58:41","guid":{"rendered":"https:\/\/test.achvb.fr\/?page_id=114"},"modified":"2025-01-28T19:06:22","modified_gmt":"2025-01-28T18:06:22","slug":"competition-senior","status":"publish","type":"page","link":"https:\/\/www.achvb.fr\/?page_id=114","title":{"rendered":"Comp\u00e9tition Senior"},"content":{"rendered":"<div id=\"pl-gb114-6a05bff8e4fe3\"  class=\"panel-layout wp-block-siteorigin-panels-layout-block\" ><div id=\"pg-gb114-6a05bff8e4fe3-0\"  class=\"panel-grid panel-no-style\" ><div id=\"pgc-gb114-6a05bff8e4fe3-0-0\"  class=\"panel-grid-cell\" ><div id=\"panel-gb114-6a05bff8e4fe3-0-0-0\" class=\"so-panel widget widget_sow-editor panel-first-child panel-last-child\" data-index=\"0\" ><div\n\t\t\t\n\t\t\tclass=\"so-widget-sow-editor so-widget-sow-editor-base\"\n\t\t\t\n\t\t>\n<div class=\"siteorigin-widget-tinymce textwidget\">\n\t<p>Nos \u00e9quipes Seniors sont acc\u00e8s sur deux aspects fondamentaux: la performance et la formation. L&rsquo;objectif est de permettre \u00e0 chacun de pouvoir \u00e9voluer \u00e0 son meilleur niveau tout en permettant la progression de nos licenci\u00e9s vers les \u00e9quipes premi\u00e8res.<\/p>\n<\/div>\n<\/div><\/div><\/div><\/div><div id=\"pg-gb114-6a05bff8e4fe3-1\"  class=\"panel-grid panel-no-style\" ><div id=\"pgc-gb114-6a05bff8e4fe3-1-0\"  class=\"panel-grid-cell\" ><div id=\"panel-gb114-6a05bff8e4fe3-1-0-0\" class=\"so-panel widget widget_sow-image panel-first-child\" data-index=\"1\" ><div\n\t\t\t\n\t\t\tclass=\"so-widget-sow-image so-widget-sow-image-default-334eeca80698-114\"\n\t\t\t\n\t\t>\n<div class=\"sow-image-container\">\n\t\t<img \n\tsrc=\"https:\/\/www.achvb.fr\/wp-content\/uploads\/2024\/11\/WhatsApp-Image-2024-10-04-at-15.34.49.jpeg\" width=\"1600\" height=\"1173\" srcset=\"https:\/\/www.achvb.fr\/wp-content\/uploads\/2024\/11\/WhatsApp-Image-2024-10-04-at-15.34.49.jpeg 1600w, https:\/\/www.achvb.fr\/wp-content\/uploads\/2024\/11\/WhatsApp-Image-2024-10-04-at-15.34.49-300x220.jpeg 300w, https:\/\/www.achvb.fr\/wp-content\/uploads\/2024\/11\/WhatsApp-Image-2024-10-04-at-15.34.49-1024x751.jpeg 1024w, https:\/\/www.achvb.fr\/wp-content\/uploads\/2024\/11\/WhatsApp-Image-2024-10-04-at-15.34.49-768x563.jpeg 768w, https:\/\/www.achvb.fr\/wp-content\/uploads\/2024\/11\/WhatsApp-Image-2024-10-04-at-15.34.49-1536x1126.jpeg 1536w\" sizes=\"(max-width: 1600px) 100vw, 1600px\" title=\"photo saison 2024-2025\" alt=\"\" \t\tclass=\"so-widget-image\"\/>\n\t<\/div>\n\n<\/div><\/div><div id=\"panel-gb114-6a05bff8e4fe3-1-0-1\" class=\"so-panel widget widget_sow-editor panel-last-child\" data-index=\"2\" ><div\n\t\t\t\n\t\t\tclass=\"so-widget-sow-editor so-widget-sow-editor-base\"\n\t\t\t\n\t\t><h3 class=\"widget-title\">SFA &#8211; Regionale<\/h3>\n<div class=\"siteorigin-widget-tinymce textwidget\">\n\t<p>Equipe entrain\u00e9e\u00a0 par Sylvain MERTENS<\/p>\n<hr \/>\n<p><a href=\"https:\/\/www.ffvbbeach.org\/ffvbapp\/resu\/vbspo_calendrier.php?saison=2024\/2025&amp;codent=LIFL&amp;poule=1FC\" target=\"_blank\" rel=\"noopener\">Saison 2024-2025<\/a><br \/>\n<a href=\"https:\/\/www.ffvbbeach.org\/ffvbapp\/resu\/vbspo_calendrier.php?saison=2024\/2025&amp;codent=PTFL59&amp;division=DSF\">Coupe HDF 2024-2025<\/a><\/p>\n<p><a href=\"https:\/\/www.ffvbbeach.org\/ffvbapp\/resu\/vbspo_calendrier.php?saison=2023\/2024&amp;codent=LIFL&amp;poule=PFA\" target=\"_blank\" rel=\"noopener\">Saison 2023-2024<\/a><br \/>\n<a href=\"https:\/\/www.ffvbbeach.org\/ffvbapp\/resu\/vbspo_calendrier.php?saison=2022\/2023&amp;codent=LIFL&amp;division=LSF\">Coupe HDF 2023-2024<\/a><\/p>\n<\/div>\n<\/div><\/div><\/div><div id=\"pgc-gb114-6a05bff8e4fe3-1-1\"  class=\"panel-grid-cell\" ><div id=\"panel-gb114-6a05bff8e4fe3-1-1-0\" class=\"so-panel widget widget_sow-image panel-first-child\" data-index=\"3\" ><div\n\t\t\t\n\t\t\tclass=\"so-widget-sow-image so-widget-sow-image-default-334eeca80698-114\"\n\t\t\t\n\t\t>\n<div class=\"sow-image-container\">\n\t\t<img \n\tsrc=\"https:\/\/www.achvb.fr\/wp-content\/uploads\/2024\/11\/WhatsApp-Image-2024-10-09-at-15.21.21.jpeg\" width=\"2048\" height=\"1624\" srcset=\"https:\/\/www.achvb.fr\/wp-content\/uploads\/2024\/11\/WhatsApp-Image-2024-10-09-at-15.21.21.jpeg 2048w, https:\/\/www.achvb.fr\/wp-content\/uploads\/2024\/11\/WhatsApp-Image-2024-10-09-at-15.21.21-300x238.jpeg 300w, https:\/\/www.achvb.fr\/wp-content\/uploads\/2024\/11\/WhatsApp-Image-2024-10-09-at-15.21.21-1024x812.jpeg 1024w, https:\/\/www.achvb.fr\/wp-content\/uploads\/2024\/11\/WhatsApp-Image-2024-10-09-at-15.21.21-768x609.jpeg 768w, https:\/\/www.achvb.fr\/wp-content\/uploads\/2024\/11\/WhatsApp-Image-2024-10-09-at-15.21.21-1536x1218.jpeg 1536w\" sizes=\"(max-width: 2048px) 100vw, 2048px\" title=\"photo saison 2024-2025\" alt=\"\" \t\tclass=\"so-widget-image\"\/>\n\t<\/div>\n\n<\/div><\/div><div id=\"panel-gb114-6a05bff8e4fe3-1-1-1\" class=\"so-panel widget widget_sow-editor panel-last-child\" data-index=\"4\" ><div\n\t\t\t\n\t\t\tclass=\"so-widget-sow-editor so-widget-sow-editor-base\"\n\t\t\t\n\t\t><h3 class=\"widget-title\">SFB &#8211; Accession R\u00e9gionale<\/h3>\n<div class=\"siteorigin-widget-tinymce textwidget\">\n\t<p>Equipe entrain\u00e9e\u00a0 par Etienne MASSON &amp; Tanguy KEIGNAERT<\/p>\n<hr \/>\n<p><a href=\"https:\/\/www.ffvbbeach.org\/ffvbapp\/resu\/vbspo_calendrier.php?saison=2024\/2025&amp;codent=PTFL59&amp;poule=AFA\" target=\"_blank\" rel=\"noopener\">Saison 2024-2025<\/a><br \/>\n<a href=\"https:\/\/www.ffvbbeach.org\/ffvbapp\/resu\/vbspo_calendrier.php?saison=2024\/2025&amp;codent=PTFL59&amp;division=DSF\">Coupe du Nord 2024-2025<\/a><\/p>\n<p><a href=\"https:\/\/www.ffvbbeach.org\/ffvbapp\/resu\/vbspo_calendrier.php?saison=2023\/2024&amp;codent=LIFL&amp;poule=1FA\" target=\"_blank\" rel=\"noopener\">Saison 2023-2024<\/a><a href=\"https:\/\/www.ffvbbeach.org\/ffvbapp\/resu\/vbspo_calendrier.php?saison=2022\/2023&amp;codent=PTFL59&amp;poule=AFB\" target=\"_blank\" rel=\"noopener\"><br \/>\n<\/a><a href=\"https:\/\/www.ffvbbeach.org\/ffvbapp\/resu\/vbspo_calendrier.php?saison=2023\/2024&amp;codent=LIFL&amp;poule=LSF\" target=\"_blank\" rel=\"noopener\">Coupe HDF 2023-2024<\/a><\/p>\n<p>&nbsp;<\/p>\n<p>&nbsp;<\/p>\n<\/div>\n<\/div><\/div><\/div><\/div><div id=\"pg-gb114-6a05bff8e4fe3-2\"  class=\"panel-grid panel-no-style\" ><div id=\"pgc-gb114-6a05bff8e4fe3-2-0\"  class=\"panel-grid-cell panel-grid-cell-empty\" ><\/div><div id=\"pgc-gb114-6a05bff8e4fe3-2-1\"  class=\"panel-grid-cell panel-grid-cell-mobile-last\" ><div id=\"panel-gb114-6a05bff8e4fe3-2-1-0\" class=\"so-panel widget widget_sow-image panel-first-child\" data-index=\"5\" ><div\n\t\t\t\n\t\t\tclass=\"so-widget-sow-image so-widget-sow-image-default-334eeca80698-114\"\n\t\t\t\n\t\t>\n<div class=\"sow-image-container\">\n\t\t<img \n\tsrc=\"https:\/\/www.achvb.fr\/wp-content\/uploads\/2024\/11\/WhatsApp-Image-2024-10-04-at-15.35.20.jpeg\" width=\"1600\" height=\"1200\" srcset=\"https:\/\/www.achvb.fr\/wp-content\/uploads\/2024\/11\/WhatsApp-Image-2024-10-04-at-15.35.20.jpeg 1600w, https:\/\/www.achvb.fr\/wp-content\/uploads\/2024\/11\/WhatsApp-Image-2024-10-04-at-15.35.20-300x225.jpeg 300w, https:\/\/www.achvb.fr\/wp-content\/uploads\/2024\/11\/WhatsApp-Image-2024-10-04-at-15.35.20-1024x768.jpeg 1024w, https:\/\/www.achvb.fr\/wp-content\/uploads\/2024\/11\/WhatsApp-Image-2024-10-04-at-15.35.20-768x576.jpeg 768w, https:\/\/www.achvb.fr\/wp-content\/uploads\/2024\/11\/WhatsApp-Image-2024-10-04-at-15.35.20-1536x1152.jpeg 1536w, https:\/\/www.achvb.fr\/wp-content\/uploads\/2024\/11\/WhatsApp-Image-2024-10-04-at-15.35.20-380x285.jpeg 380w, https:\/\/www.achvb.fr\/wp-content\/uploads\/2024\/11\/WhatsApp-Image-2024-10-04-at-15.35.20-285x214.jpeg 285w\" sizes=\"(max-width: 1600px) 100vw, 1600px\" title=\"photo saison 2024-2025\" alt=\"\" \t\tclass=\"so-widget-image\"\/>\n\t<\/div>\n\n<\/div><\/div><div id=\"panel-gb114-6a05bff8e4fe3-2-1-1\" class=\"so-panel widget widget_sow-editor panel-last-child\" data-index=\"6\" ><div\n\t\t\t\n\t\t\tclass=\"so-widget-sow-editor so-widget-sow-editor-base\"\n\t\t\t\n\t\t><h3 class=\"widget-title\">SFC &#8211; D\u00e9partemental <\/h3>\n<div class=\"siteorigin-widget-tinymce textwidget\">\n\t<p>Equipe entrain\u00e9e\u00a0 par Alexandre FLITZ<\/p>\n<hr \/>\n<p><a href=\"https:\/\/www.ffvbbeach.org\/ffvbapp\/resu\/vbspo_calendrier.php?saison=2024\/2025&amp;codent=PTFL59&amp;poule=DFA\">Saison 2024-2025<\/a><br \/>\n<a href=\"https:\/\/www.ffvbbeach.org\/ffvbapp\/resu\/vbspo_calendrier.php?saison=2024\/2025&amp;codent=PTFL59&amp;division=DSF\">Coupe du Nord 2024-2025<\/a><\/p>\n<p><a href=\"https:\/\/www.ffvbbeach.org\/ffvbapp\/resu\/vbspo_calendrier.php?saison=2023\/2024&amp;codent=PTFL59&amp;poule=DFB\">Saison 2023-2024<\/a><br \/>\n<a href=\"https:\/\/www.ffvbbeach.org\/ffvbapp\/resu\/vbspo_calendrier.php?saison=2023\/2024&amp;codent=PTFL59&amp;division=DSF\">Coupe du Nord 2023-2024<\/a><\/p>\n<\/div>\n<\/div><\/div><\/div><div id=\"pgc-gb114-6a05bff8e4fe3-2-2\"  class=\"panel-grid-cell panel-grid-cell-empty\" ><\/div><\/div><div id=\"pg-gb114-6a05bff8e4fe3-3\"  class=\"panel-grid panel-no-style\" ><div id=\"pgc-gb114-6a05bff8e4fe3-3-0\"  class=\"panel-grid-cell\" ><div id=\"panel-gb114-6a05bff8e4fe3-3-0-0\" class=\"so-panel widget widget_sow-image panel-first-child\" data-index=\"7\" ><div\n\t\t\t\n\t\t\tclass=\"so-widget-sow-image so-widget-sow-image-default-334eeca80698-114\"\n\t\t\t\n\t\t>\n<div class=\"sow-image-container\">\n\t\t<img \n\tsrc=\"https:\/\/www.achvb.fr\/wp-content\/uploads\/2024\/11\/WhatsApp-Image-2024-10-04-at-15.35.03.jpeg\" width=\"1600\" height=\"1200\" srcset=\"https:\/\/www.achvb.fr\/wp-content\/uploads\/2024\/11\/WhatsApp-Image-2024-10-04-at-15.35.03.jpeg 1600w, https:\/\/www.achvb.fr\/wp-content\/uploads\/2024\/11\/WhatsApp-Image-2024-10-04-at-15.35.03-300x225.jpeg 300w, https:\/\/www.achvb.fr\/wp-content\/uploads\/2024\/11\/WhatsApp-Image-2024-10-04-at-15.35.03-1024x768.jpeg 1024w, https:\/\/www.achvb.fr\/wp-content\/uploads\/2024\/11\/WhatsApp-Image-2024-10-04-at-15.35.03-768x576.jpeg 768w, https:\/\/www.achvb.fr\/wp-content\/uploads\/2024\/11\/WhatsApp-Image-2024-10-04-at-15.35.03-1536x1152.jpeg 1536w, https:\/\/www.achvb.fr\/wp-content\/uploads\/2024\/11\/WhatsApp-Image-2024-10-04-at-15.35.03-380x285.jpeg 380w, https:\/\/www.achvb.fr\/wp-content\/uploads\/2024\/11\/WhatsApp-Image-2024-10-04-at-15.35.03-285x214.jpeg 285w\" sizes=\"(max-width: 1600px) 100vw, 1600px\" title=\"photo saison 2024-2025\" alt=\"\" \t\tclass=\"so-widget-image\"\/>\n\t<\/div>\n\n<\/div><\/div><div id=\"panel-gb114-6a05bff8e4fe3-3-0-1\" class=\"so-panel widget widget_sow-editor panel-last-child\" data-index=\"8\" ><div\n\t\t\t\n\t\t\tclass=\"so-widget-sow-editor so-widget-sow-editor-base\"\n\t\t\t\n\t\t><h3 class=\"widget-title\">SMA &#8211; Regional<\/h3>\n<div class=\"siteorigin-widget-tinymce textwidget\">\n\t<p>Equipe entrain\u00e9e\u00a0 par Dominique DEPECKER &amp; Gaetan VITS<\/p>\n<hr \/>\n<p><a href=\"https:\/\/www.ffvbbeach.org\/ffvbapp\/resu\/vbspo_calendrier.php?saison=2024\/2025&amp;codent=LIFL&amp;poule=1MB\">Saison 2024-2025<\/a><br \/>\n<a href=\"https:\/\/www.ffvbbeach.org\/ffvbapp\/resu\/vbspo_calendrier.php?saison=2024\/2025&amp;codent=LIFL&amp;division=LSM\">Coupe HDF 2024-20235<\/a><\/p>\n<p><a href=\"https:\/\/www.ffvbbeach.org\/ffvbapp\/resu\/vbspo_calendrier.php?saison=2023\/2024&amp;codent=LIFL&amp;poule=1MC\" target=\"_blank\" rel=\"noopener\">Saison 2023-2024<\/a><br \/>\n<a href=\"https:\/\/www.ffvbbeach.org\/ffvbapp\/resu\/vbspo_calendrier.php?saison=2023\/2024&amp;codent=LIFL&amp;poule=LSM\" target=\"_blank\" rel=\"noopener\">Coupe HDF 2023-2024<\/a><\/p>\n<p>&nbsp;<\/p>\n<p>&nbsp;<\/p>\n<\/div>\n<\/div><\/div><\/div><div id=\"pgc-gb114-6a05bff8e4fe3-3-1\"  class=\"panel-grid-cell\" ><div id=\"panel-gb114-6a05bff8e4fe3-3-1-0\" class=\"so-panel widget widget_sow-image panel-first-child\" data-index=\"9\" ><div\n\t\t\t\n\t\t\tclass=\"so-widget-sow-image so-widget-sow-image-default-334eeca80698-114\"\n\t\t\t\n\t\t>\n<div class=\"sow-image-container\">\n\t\t<img \n\tsrc=\"https:\/\/www.achvb.fr\/wp-content\/uploads\/2024\/11\/WhatsApp-Image-2024-10-22-at-14.11.58.jpeg\" width=\"1600\" height=\"1380\" srcset=\"https:\/\/www.achvb.fr\/wp-content\/uploads\/2024\/11\/WhatsApp-Image-2024-10-22-at-14.11.58.jpeg 1600w, https:\/\/www.achvb.fr\/wp-content\/uploads\/2024\/11\/WhatsApp-Image-2024-10-22-at-14.11.58-300x259.jpeg 300w, https:\/\/www.achvb.fr\/wp-content\/uploads\/2024\/11\/WhatsApp-Image-2024-10-22-at-14.11.58-1024x883.jpeg 1024w, https:\/\/www.achvb.fr\/wp-content\/uploads\/2024\/11\/WhatsApp-Image-2024-10-22-at-14.11.58-768x662.jpeg 768w, https:\/\/www.achvb.fr\/wp-content\/uploads\/2024\/11\/WhatsApp-Image-2024-10-22-at-14.11.58-1536x1325.jpeg 1536w\" sizes=\"(max-width: 1600px) 100vw, 1600px\" title=\"photo saison 2024-2025\" alt=\"\" \t\tclass=\"so-widget-image\"\/>\n\t<\/div>\n\n<\/div><\/div><div id=\"panel-gb114-6a05bff8e4fe3-3-1-1\" class=\"so-panel widget widget_sow-editor panel-last-child\" data-index=\"10\" ><div\n\t\t\t\n\t\t\tclass=\"so-widget-sow-editor so-widget-sow-editor-base\"\n\t\t\t\n\t\t><h3 class=\"widget-title\">SMB &#8211; Regional<\/h3>\n<div class=\"siteorigin-widget-tinymce textwidget\">\n\t<p>Equipe entrain\u00e9e\u00a0 par Aymeric PILARD<\/p>\n<hr \/>\n<p><a href=\"https:\/\/www.ffvbbeach.org\/ffvbapp\/resu\/vbspo_calendrier.php?saison=2024\/2025&amp;codent=LIFL&amp;poule=1MA\">Saison 2024-2025<\/a><br \/>\n<a href=\"https:\/\/www.ffvbbeach.org\/ffvbapp\/resu\/vbspo_calendrier.php?saison=2024\/2025&amp;codent=LIFL&amp;division=LSM\">Coupe HDF 2024-20235<\/a><\/p>\n<p><a href=\"https:\/\/www.ffvbbeach.org\/ffvbapp\/resu\/vbspo_calendrier.php?saison=2023\/2024&amp;codent=LIFL&amp;poule=1MD\" target=\"_blank\" rel=\"noopener\">Saison 2023-2024<\/a><a href=\"https:\/\/www.ffvbbeach.org\/ffvbapp\/resu\/vbspo_calendrier.php?saison=2022\/2023&amp;codent=LIFL&amp;poule=1MA\"><br \/>\n<\/a><a href=\"https:\/\/www.ffvbbeach.org\/ffvbapp\/resu\/vbspo_calendrier.php?saison=2023\/2024&amp;codent=LIFL&amp;poule=LSM\" target=\"_blank\" rel=\"noopener\">Coupe HDF 2023-2024<\/a><\/p>\n<p>&nbsp;<\/p>\n<\/div>\n<\/div><\/div><\/div><\/div><div id=\"pg-gb114-6a05bff8e4fe3-4\"  class=\"panel-grid panel-no-style\" ><div id=\"pgc-gb114-6a05bff8e4fe3-4-0\"  class=\"panel-grid-cell\" ><div id=\"panel-gb114-6a05bff8e4fe3-4-0-0\" class=\"so-panel widget widget_sow-image panel-first-child\" data-index=\"11\" ><div\n\t\t\t\n\t\t\tclass=\"so-widget-sow-image so-widget-sow-image-default-334eeca80698-114\"\n\t\t\t\n\t\t>\n<div class=\"sow-image-container\">\n\t\t<img \n\tsrc=\"https:\/\/www.achvb.fr\/wp-content\/uploads\/2024\/11\/WhatsApp-Image-2024-10-22-at-14.10.25.jpeg\" width=\"704\" height=\"516\" srcset=\"https:\/\/www.achvb.fr\/wp-content\/uploads\/2024\/11\/WhatsApp-Image-2024-10-22-at-14.10.25.jpeg 704w, https:\/\/www.achvb.fr\/wp-content\/uploads\/2024\/11\/WhatsApp-Image-2024-10-22-at-14.10.25-300x220.jpeg 300w\" sizes=\"(max-width: 704px) 100vw, 704px\" title=\"photo saison 2024-2025\" alt=\"\" \t\tclass=\"so-widget-image\"\/>\n\t<\/div>\n\n<\/div><\/div><div id=\"panel-gb114-6a05bff8e4fe3-4-0-1\" class=\"so-panel widget widget_sow-editor panel-last-child\" data-index=\"12\" ><div\n\t\t\t\n\t\t\tclass=\"so-widget-sow-editor so-widget-sow-editor-base\"\n\t\t\t\n\t\t><h3 class=\"widget-title\">SMC &#8211; Accession R\u00e9gionale (Accession R\u00e9gionale saison 2023-2024)<\/h3>\n<div class=\"siteorigin-widget-tinymce textwidget\">\n\t<p>Equipe entrain\u00e9e\u00a0 par Alexis LARGY<\/p>\n<hr \/>\n<p><a href=\"https:\/\/www.ffvbbeach.org\/ffvbapp\/resu\/vbspo_calendrier.php?saison=2024\/2025&amp;codent=PTFL59&amp;poule=AMA\">Saison 2024-2025<\/a><br \/>\n<a href=\"https:\/\/www.ffvbbeach.org\/ffvbapp\/resu\/vbspo_calendrier.php?saison=2024\/2025&amp;codent=PTFL59&amp;division=DSM\" target=\"_blank\" rel=\"noopener\">Coupe du Nord 2024-2025<\/a><\/p>\n<p><a href=\"https:\/\/www.ffvbbeach.org\/ffvbapp\/resu\/vbspo_calendrier.php?saison=2023\/2024&amp;codent=PTFL59&amp;poule=AMB\" target=\"_blank\" rel=\"noopener\">Saison 2023-2024<\/a><br \/>\n<a href=\"https:\/\/www.ffvbbeach.org\/ffvbapp\/resu\/vbspo_calendrier.php?saison=2023\/2024&amp;codent=PTFL59&amp;division=DSM\" target=\"_blank\" rel=\"noopener\">Coupe du Nord 2023-2024<\/a><\/p>\n<p>&nbsp;<\/p>\n<p>&nbsp;<\/p>\n<\/div>\n<\/div><\/div><\/div><div id=\"pgc-gb114-6a05bff8e4fe3-4-1\"  class=\"panel-grid-cell\" ><div id=\"panel-gb114-6a05bff8e4fe3-4-1-0\" class=\"so-panel widget widget_sow-image panel-first-child\" data-index=\"13\" ><div\n\t\t\t\n\t\t\tclass=\"so-widget-sow-image so-widget-sow-image-default-334eeca80698-114\"\n\t\t\t\n\t\t>\n<div class=\"sow-image-container\">\n\t\t<img \n\tsrc=\"https:\/\/www.achvb.fr\/wp-content\/uploads\/2024\/11\/WhatsApp-Image-2024-10-22-at-14.11.27.jpeg\" width=\"1600\" height=\"1200\" srcset=\"https:\/\/www.achvb.fr\/wp-content\/uploads\/2024\/11\/WhatsApp-Image-2024-10-22-at-14.11.27.jpeg 1600w, https:\/\/www.achvb.fr\/wp-content\/uploads\/2024\/11\/WhatsApp-Image-2024-10-22-at-14.11.27-300x225.jpeg 300w, https:\/\/www.achvb.fr\/wp-content\/uploads\/2024\/11\/WhatsApp-Image-2024-10-22-at-14.11.27-1024x768.jpeg 1024w, https:\/\/www.achvb.fr\/wp-content\/uploads\/2024\/11\/WhatsApp-Image-2024-10-22-at-14.11.27-768x576.jpeg 768w, https:\/\/www.achvb.fr\/wp-content\/uploads\/2024\/11\/WhatsApp-Image-2024-10-22-at-14.11.27-1536x1152.jpeg 1536w, https:\/\/www.achvb.fr\/wp-content\/uploads\/2024\/11\/WhatsApp-Image-2024-10-22-at-14.11.27-380x285.jpeg 380w, https:\/\/www.achvb.fr\/wp-content\/uploads\/2024\/11\/WhatsApp-Image-2024-10-22-at-14.11.27-285x214.jpeg 285w\" sizes=\"(max-width: 1600px) 100vw, 1600px\" title=\"photo saison 2024-2025\" alt=\"\" \t\tclass=\"so-widget-image\"\/>\n\t<\/div>\n\n<\/div><\/div><div id=\"panel-gb114-6a05bff8e4fe3-4-1-1\" class=\"so-panel widget widget_sow-editor panel-last-child\" data-index=\"14\" ><div\n\t\t\t\n\t\t\tclass=\"so-widget-sow-editor so-widget-sow-editor-base\"\n\t\t\t\n\t\t><h3 class=\"widget-title\">SMD &#8211; D\u00e9partemental<\/h3>\n<div class=\"siteorigin-widget-tinymce textwidget\">\n\t<p>Equipe entrain\u00e9e\u00a0 par Loic NOEL<\/p>\n<hr \/>\n<p><a href=\"https:\/\/www.ffvbbeach.org\/ffvbapp\/resu\/vbspo_calendrier.php?saison=2024\/2025&amp;codent=PTFL59&amp;poule=DMA\">Saison 2024-2025<\/a><br \/>\n<a href=\"https:\/\/www.ffvbbeach.org\/ffvbapp\/resu\/vbspo_calendrier.php?saison=2024\/2025&amp;codent=PTFL59&amp;division=DSM\">Coupe du Nord 2024-2025<\/a><\/p>\n<p>&nbsp;<\/p>\n<\/div>\n<\/div><\/div><\/div><\/div><\/div>","protected":false},"excerpt":{"rendered":"<p>Nos \u00e9quipes Seniors sont acc\u00e8s sur deux aspects fondamentaux: la performance et la formation. L&rsquo;objectif est de permettre \u00e0 chacun de pouvoir \u00e9voluer \u00e0 son meilleur niveau tout en permettant la progression de nos licenci\u00e9s vers les \u00e9quipes premi\u00e8res. Equipe entrain\u00e9e\u00a0 par Sylvain MERTENS Saison 2024-2025 Coupe HDF 2024-2025 Saison 2023-2024 Coupe HDF 2023-2024 Equipe<\/p>\n<p class=\"more-link\"><a href=\"https:\/\/www.achvb.fr\/?page_id=114\" class=\"themebutton\">Read More<\/a><\/p>\n","protected":false},"author":4,"featured_media":0,"parent":60,"menu_order":0,"comment_status":"closed","ping_status":"closed","template":"","meta":{"footnotes":""},"class_list":["post-114","page","type-page","status-publish","hentry"],"_links":{"self":[{"href":"https:\/\/www.achvb.fr\/index.php?rest_route=\/wp\/v2\/pages\/114","targetHints":{"allow":["GET"]}}],"collection":[{"href":"https:\/\/www.achvb.fr\/index.php?rest_route=\/wp\/v2\/pages"}],"about":[{"href":"https:\/\/www.achvb.fr\/index.php?rest_route=\/wp\/v2\/types\/page"}],"author":[{"embeddable":true,"href":"https:\/\/www.achvb.fr\/index.php?rest_route=\/wp\/v2\/users\/4"}],"replies":[{"embeddable":true,"href":"https:\/\/www.achvb.fr\/index.php?rest_route=%2Fwp%2Fv2%2Fcomments&post=114"}],"version-history":[{"count":41,"href":"https:\/\/www.achvb.fr\/index.php?rest_route=\/wp\/v2\/pages\/114\/revisions"}],"predecessor-version":[{"id":800,"href":"https:\/\/www.achvb.fr\/index.php?rest_route=\/wp\/v2\/pages\/114\/revisions\/800"}],"up":[{"embeddable":true,"href":"https:\/\/www.achvb.fr\/index.php?rest_route=\/wp\/v2\/pages\/60"}],"wp:attachment":[{"href":"https:\/\/www.achvb.fr\/index.php?rest_route=%2Fwp%2Fv2%2Fmedia&parent=114"}],"curies":[{"name":"wp","href":"https:\/\/api.w.org\/{rel}","templated":true}]}}