{"id":129,"date":"2022-07-19T16:49:34","date_gmt":"2022-07-19T16:49:34","guid":{"rendered":"https:\/\/test.achvb.fr\/?page_id=129"},"modified":"2025-01-28T19:47:01","modified_gmt":"2025-01-28T18:47:01","slug":"competition-jeunes","status":"publish","type":"page","link":"https:\/\/www.achvb.fr\/?page_id=129","title":{"rendered":"Comp\u00e9tition Jeunes"},"content":{"rendered":"<div id=\"pl-gb129-69e174bc31b66\"  class=\"panel-layout wp-block-siteorigin-panels-layout-block\" ><div id=\"pg-gb129-69e174bc31b66-0\"  class=\"panel-grid panel-no-style\" ><div id=\"pgc-gb129-69e174bc31b66-0-0\"  class=\"panel-grid-cell\" ><div id=\"panel-gb129-69e174bc31b66-0-0-0\" class=\"so-panel widget widget_sow-editor panel-first-child panel-last-child\" data-index=\"0\" ><div\n\t\t\t\n\t\t\tclass=\"so-widget-sow-editor so-widget-sow-editor-base\"\n\t\t\t\n\t\t>\n<div class=\"siteorigin-widget-tinymce textwidget\">\n\t<p>Nos sections Jeunes ont pour objectif la formation. Accompagn\u00e9s par nos entraineurs dipl\u00f4m\u00e9s, nos jeunes licenci\u00e9s d\u00e9couvriront notre sport et la comp\u00e9tition sans oubli\u00e9 de s&rsquo;amuser bien entendu.<\/p>\n<\/div>\n<\/div><\/div><\/div><\/div><div id=\"pg-gb129-69e174bc31b66-1\"  class=\"panel-grid panel-no-style\" ><div id=\"pgc-gb129-69e174bc31b66-1-0\"  class=\"panel-grid-cell\" ><div id=\"panel-gb129-69e174bc31b66-1-0-0\" class=\"so-panel widget widget_sow-image panel-first-child\" data-index=\"1\" ><div\n\t\t\t\n\t\t\tclass=\"so-widget-sow-image so-widget-sow-image-default-334eeca80698-129\"\n\t\t\t\n\t\t>\n<div class=\"sow-image-container\">\n\t\t<img \n\tsrc=\"https:\/\/www.achvb.fr\/wp-content\/uploads\/2023\/02\/WhatsApp-Image-2023-02-07-at-23.27.11-2.jpeg\" width=\"1600\" height=\"1066\" srcset=\"https:\/\/www.achvb.fr\/wp-content\/uploads\/2023\/02\/WhatsApp-Image-2023-02-07-at-23.27.11-2.jpeg 1600w, https:\/\/www.achvb.fr\/wp-content\/uploads\/2023\/02\/WhatsApp-Image-2023-02-07-at-23.27.11-2-300x200.jpeg 300w, https:\/\/www.achvb.fr\/wp-content\/uploads\/2023\/02\/WhatsApp-Image-2023-02-07-at-23.27.11-2-1024x682.jpeg 1024w, https:\/\/www.achvb.fr\/wp-content\/uploads\/2023\/02\/WhatsApp-Image-2023-02-07-at-23.27.11-2-768x512.jpeg 768w, https:\/\/www.achvb.fr\/wp-content\/uploads\/2023\/02\/WhatsApp-Image-2023-02-07-at-23.27.11-2-1536x1023.jpeg 1536w, https:\/\/www.achvb.fr\/wp-content\/uploads\/2023\/02\/WhatsApp-Image-2023-02-07-at-23.27.11-2-570x380.jpeg 570w, https:\/\/www.achvb.fr\/wp-content\/uploads\/2023\/02\/WhatsApp-Image-2023-02-07-at-23.27.11-2-380x254.jpeg 380w, https:\/\/www.achvb.fr\/wp-content\/uploads\/2023\/02\/WhatsApp-Image-2023-02-07-at-23.27.11-2-285x190.jpeg 285w, https:\/\/www.achvb.fr\/wp-content\/uploads\/2023\/02\/WhatsApp-Image-2023-02-07-at-23.27.11-2-272x182.jpeg 272w\" sizes=\"(max-width: 1600px) 100vw, 1600px\" title=\"saison 2021-2022\" alt=\"\" \t\tclass=\"so-widget-image\"\/>\n\t<\/div>\n\n<\/div><\/div><div id=\"panel-gb129-69e174bc31b66-1-0-1\" class=\"so-panel widget widget_sow-editor panel-last-child\" data-index=\"2\" ><div\n\t\t\t\n\t\t\tclass=\"so-widget-sow-editor so-widget-sow-editor-base\"\n\t\t\t\n\t\t><h3 class=\"widget-title\">Juniors Masculins  (uniquement en coupe de France)<\/h3>\n<div class=\"siteorigin-widget-tinymce textwidget\">\n\t<p>Equipe entrain\u00e9e\u00a0 par &#8230;<\/p>\n<hr \/>\n<p><a href=\"https:\/\/www.ffvbbeach.org\/ffvbapp\/resu\/jeunes\/2024-2025\/\" target=\"_blank\" rel=\"noopener\">Coupe de France 2024-2025<\/a><\/p>\n<p>&nbsp;<\/p>\n<p>&nbsp;<\/p>\n<\/div>\n<\/div><\/div><\/div><div id=\"pgc-gb129-69e174bc31b66-1-1\"  class=\"panel-grid-cell\" ><div id=\"panel-gb129-69e174bc31b66-1-1-0\" class=\"so-panel widget widget_sow-image panel-first-child\" data-index=\"3\" ><div\n\t\t\t\n\t\t\tclass=\"so-widget-sow-image so-widget-sow-image-default-334eeca80698-129\"\n\t\t\t\n\t\t>\n<div class=\"sow-image-container\">\n\t\t<img \n\tsrc=\"https:\/\/www.achvb.fr\/wp-content\/uploads\/2022\/07\/logo-complet.png\" width=\"714\" height=\"160\" srcset=\"https:\/\/www.achvb.fr\/wp-content\/uploads\/2022\/07\/logo-complet.png 714w, https:\/\/www.achvb.fr\/wp-content\/uploads\/2022\/07\/logo-complet-300x67.png 300w\" sizes=\"(max-width: 714px) 100vw, 714px\" title=\"saison 2021-2022\" alt=\"\" \t\tclass=\"so-widget-image\"\/>\n\t<\/div>\n\n<\/div><\/div><div id=\"panel-gb129-69e174bc31b66-1-1-1\" class=\"so-panel widget widget_sow-editor panel-last-child\" data-index=\"4\" ><div\n\t\t\t\n\t\t\tclass=\"so-widget-sow-editor so-widget-sow-editor-base\"\n\t\t\t\n\t\t><h3 class=\"widget-title\">Juniors F\u00e9minines (Uniquement en coupe de France)<\/h3>\n<div class=\"siteorigin-widget-tinymce textwidget\">\n\t<p>Equipe entrain\u00e9e par &#8230;<\/p>\n<hr \/>\n<p><a href=\"https:\/\/www.ffvbbeach.org\/ffvbapp\/resu\/jeunes\/2024-2025\/\" target=\"_blank\" rel=\"noopener\">Coupe de France 2024-2025<\/a><\/p>\n<\/div>\n<\/div><\/div><\/div><\/div><div id=\"pg-gb129-69e174bc31b66-2\"  class=\"panel-grid panel-no-style\" ><div id=\"pgc-gb129-69e174bc31b66-2-0\"  class=\"panel-grid-cell\" ><div id=\"panel-gb129-69e174bc31b66-2-0-0\" class=\"so-panel widget widget_sow-image panel-first-child\" data-index=\"5\" ><div\n\t\t\t\n\t\t\tclass=\"so-widget-sow-image so-widget-sow-image-default-334eeca80698-129\"\n\t\t\t\n\t\t>\n<div class=\"sow-image-container\">\n\t\t<img \n\tsrc=\"https:\/\/www.achvb.fr\/wp-content\/uploads\/2024\/11\/WhatsApp-Image-2024-10-22-at-14.10.15.jpeg\" width=\"669\" height=\"471\" srcset=\"https:\/\/www.achvb.fr\/wp-content\/uploads\/2024\/11\/WhatsApp-Image-2024-10-22-at-14.10.15.jpeg 669w, https:\/\/www.achvb.fr\/wp-content\/uploads\/2024\/11\/WhatsApp-Image-2024-10-22-at-14.10.15-300x211.jpeg 300w\" sizes=\"(max-width: 669px) 100vw, 669px\" title=\"saison 2024-2025\" alt=\"\" \t\tclass=\"so-widget-image\"\/>\n\t<\/div>\n\n<\/div><\/div><div id=\"panel-gb129-69e174bc31b66-2-0-1\" class=\"so-panel widget widget_sow-image\" data-index=\"6\" ><div\n\t\t\t\n\t\t\tclass=\"so-widget-sow-image so-widget-sow-image-default-334eeca80698-129\"\n\t\t\t\n\t\t>\n<div class=\"sow-image-container\">\n\t\t<img \n\tsrc=\"https:\/\/www.achvb.fr\/wp-content\/uploads\/2024\/11\/WhatsApp-Image-2024-10-22-at-14.11.50.jpeg\" width=\"1600\" height=\"1324\" srcset=\"https:\/\/www.achvb.fr\/wp-content\/uploads\/2024\/11\/WhatsApp-Image-2024-10-22-at-14.11.50.jpeg 1600w, https:\/\/www.achvb.fr\/wp-content\/uploads\/2024\/11\/WhatsApp-Image-2024-10-22-at-14.11.50-300x248.jpeg 300w, https:\/\/www.achvb.fr\/wp-content\/uploads\/2024\/11\/WhatsApp-Image-2024-10-22-at-14.11.50-1024x847.jpeg 1024w, https:\/\/www.achvb.fr\/wp-content\/uploads\/2024\/11\/WhatsApp-Image-2024-10-22-at-14.11.50-768x636.jpeg 768w, https:\/\/www.achvb.fr\/wp-content\/uploads\/2024\/11\/WhatsApp-Image-2024-10-22-at-14.11.50-1536x1271.jpeg 1536w\" sizes=\"(max-width: 1600px) 100vw, 1600px\" title=\"saison 2024-2025\" alt=\"\" \t\tclass=\"so-widget-image\"\/>\n\t<\/div>\n\n<\/div><\/div><div id=\"panel-gb129-69e174bc31b66-2-0-2\" class=\"so-panel widget widget_sow-editor panel-last-child\" data-index=\"7\" ><div\n\t\t\t\n\t\t\tclass=\"so-widget-sow-editor so-widget-sow-editor-base\"\n\t\t\t\n\t\t><h3 class=\"widget-title\">Cadets <\/h3>\n<div class=\"siteorigin-widget-tinymce textwidget\">\n\t<p>Equipe entrain\u00e9e par Alexis LARGY et Romain DUVIVIER<\/p>\n<hr \/>\n<p><a href=\"https:\/\/www.ffvbbeach.org\/ffvbapp\/resu\/vbspo_calendrier.php?saison=2024\/2025&amp;codent=LIFL&amp;poule=CMP\" target=\"_blank\" rel=\"noopener\">Saison 2024-2025 &#8211; Phase 1 (6&#215;6) &#8211; Equipe 1<\/a><br \/>\n<a href=\"https:\/\/www.ffvbbeach.org\/ffvbapp\/resu\/vbspo_calendrier.php?saison=2024\/2025&amp;codent=LIFL&amp;poule=CMS\" target=\"_blank\" rel=\"noopener\">Saison 2024-2025 &#8211; Phase 1 (6&#215;6) &#8211; Equipe 2<\/a><\/p>\n<p><a href=\"https:\/\/www.ffvbbeach.org\/ffvbapp\/resu\/vbspo_calendrier.php?saison=2024\/2025&amp;codent=LIFL&amp;poule=CMG\" target=\"_blank\" rel=\"noopener\">Saison 2024-2025 &#8211; Phase 2 (6&#215;6) &#8211; Equipe 1<\/a><br \/>\n<a href=\"https:\/\/www.ffvbbeach.org\/ffvbapp\/resu\/vbspo_calendrier.php?saison=2024\/2025&amp;codent=LIFL&amp;poule=CMJ\" target=\"_blank\" rel=\"noopener\">Saison 2024-2025 &#8211; Phase 2 (6&#215;6) &#8211; Equipe 2<\/a><\/p>\n<p><a href=\"https:\/\/www.ffvbbeach.org\/ffvbapp\/resu\/vbspo_calendrier.php?saison=2024\/2025&amp;codent=LIFL&amp;division=LCM\" target=\"_blank\" rel=\"noopener\">Coupe HdF &#8211; M18 Masculins<br \/>\n<\/a><a href=\"https:\/\/www.ffvbbeach.org\/ffvbapp\/resu\/jeunes\/2024-2025\/\" target=\"_blank\" rel=\"noopener\">Coupe de France<\/a><\/p>\n<p><a href=\"https:\/\/www.ffvbbeach.org\/ffvbapp\/resu\/vbspo_calendrier.php?saison=2023\/2024&amp;codent=LIFL&amp;poule=CMS\">Saison 2023-2024 &#8211; Phase 1 (6&#215;6)<\/a><br \/>\n<a href=\"https:\/\/www.ffvbbeach.org\/ffvbapp\/resu\/vbspo_calendrier.php?saison=2023\/2024&amp;codent=LIFL&amp;poule=CMX\">Saison 2023-2024 &#8211; Phase 1 (4&#215;4)<\/a><br \/>\n<a href=\"https:\/\/www.ffvbbeach.org\/ffvbapp\/resu\/vbspo_calendrier.php?saison=2023\/2024&amp;codent=LIFL&amp;poule=CMG\" target=\"_blank\" rel=\"noopener\">Saison 2023-2024 &#8211; Phase 2 (6&#215;6)-R2<\/a><br \/>\n<a href=\"https:\/\/www.ffvbbeach.org\/ffvbapp\/resu\/vbspo_calendrier.php?saison=2023\/2024&amp;codent=LIFL&amp;poule=CMJ\" target=\"_blank\" rel=\"noopener\">Saison 2023-2024 &#8211; Phase 2 (6&#215;6) -R3<\/a><\/p>\n<\/div>\n<\/div><\/div><\/div><div id=\"pgc-gb129-69e174bc31b66-2-1\"  class=\"panel-grid-cell\" ><div id=\"panel-gb129-69e174bc31b66-2-1-0\" class=\"so-panel widget widget_sow-image panel-first-child\" data-index=\"8\" ><div\n\t\t\t\n\t\t\tclass=\"so-widget-sow-image so-widget-sow-image-default-334eeca80698-129\"\n\t\t\t\n\t\t>\n<div class=\"sow-image-container\">\n\t\t<img \n\tsrc=\"https:\/\/www.achvb.fr\/wp-content\/uploads\/2024\/11\/WhatsApp-Image-2024-10-22-at-14.12.18.jpeg\" width=\"1600\" height=\"1370\" srcset=\"https:\/\/www.achvb.fr\/wp-content\/uploads\/2024\/11\/WhatsApp-Image-2024-10-22-at-14.12.18.jpeg 1600w, https:\/\/www.achvb.fr\/wp-content\/uploads\/2024\/11\/WhatsApp-Image-2024-10-22-at-14.12.18-300x257.jpeg 300w, https:\/\/www.achvb.fr\/wp-content\/uploads\/2024\/11\/WhatsApp-Image-2024-10-22-at-14.12.18-1024x877.jpeg 1024w, https:\/\/www.achvb.fr\/wp-content\/uploads\/2024\/11\/WhatsApp-Image-2024-10-22-at-14.12.18-768x658.jpeg 768w, https:\/\/www.achvb.fr\/wp-content\/uploads\/2024\/11\/WhatsApp-Image-2024-10-22-at-14.12.18-1536x1315.jpeg 1536w\" sizes=\"(max-width: 1600px) 100vw, 1600px\" title=\"saison 2024-2025\" alt=\"\" \t\tclass=\"so-widget-image\"\/>\n\t<\/div>\n\n<\/div><\/div><div id=\"panel-gb129-69e174bc31b66-2-1-1\" class=\"so-panel widget widget_sow-editor panel-last-child\" data-index=\"9\" ><div\n\t\t\t\n\t\t\tclass=\"so-widget-sow-editor so-widget-sow-editor-base\"\n\t\t\t\n\t\t><h3 class=\"widget-title\">Cadettes <\/h3>\n<div class=\"siteorigin-widget-tinymce textwidget\">\n\t<p>Equipe entrain\u00e9e\u00a0 par Sylvain MERTENS et Elise<\/p>\n<hr \/>\n<p><a href=\"https:\/\/www.ffvbbeach.org\/ffvbapp\/resu\/vbspo_calendrier.php?saison=2024\/2025&amp;codent=LIFL&amp;poule=CFT\">Saison 2024-2025 &#8211; Phase 1 &#8211; Equipe 1<\/a><br \/>\n<a href=\"https:\/\/www.ffvbbeach.org\/ffvbapp\/resu\/vbspo_calendrier.php?saison=2024\/2025&amp;codent=LIFL&amp;poule=CFU\" target=\"_blank\" rel=\"noopener\">Saison 2024-20245 &#8211; Phase 1 &#8211; Equipe 2<\/a><\/p>\n<p><a href=\"https:\/\/www.ffvbbeach.org\/ffvbapp\/resu\/vbspo_calendrier.php?saison=2024\/2025&amp;codent=LIFL&amp;poule=CMG\">Saison 2024-2025 &#8211; Phase 2 &#8211; Equipe 1<\/a><br \/>\n<a href=\"https:\/\/www.ffvbbeach.org\/ffvbapp\/resu\/vbspo_calendrier.php?saison=2024\/2025&amp;codent=LIFL&amp;poule=CFK\" target=\"_blank\" rel=\"noopener\">Saison 2024-20245 &#8211; Phase 2 &#8211; Equipe 2<\/a><\/p>\n<p><a href=\"https:\/\/www.ffvbbeach.org\/ffvbapp\/resu\/vbspo_calendrier.php?saison=2024\/2025&amp;codent=LIFL&amp;division=LCF\" target=\"_blank\" rel=\"noopener\">Coupe HdF. &#8211; M18 Feminines<\/a><br \/>\n<a href=\"https:\/\/www.ffvbbeach.org\/ffvbapp\/resu\/jeunes\/2024-2025\/\" target=\"_blank\" rel=\"noopener\">Coupe de France<\/a><\/p>\n<p><a href=\"https:\/\/www.ffvbbeach.org\/ffvbapp\/resu\/vbspo_calendrier.php?saison=2023\/2024&amp;codent=LIFL&amp;poule=CFU\">Saison 2023-2024 &#8211; Phase 1<\/a><br \/>\n<a href=\"https:\/\/www.ffvbbeach.org\/ffvbapp\/resu\/vbspo_calendrier.php?saison=2023\/2024&amp;codent=LIFL&amp;poule=CFG\" target=\"_blank\" rel=\"noopener\">Saison 2023-2024 &#8211; Phase 2<\/a><\/p>\n<p>&nbsp;<\/p>\n<\/div>\n<\/div><\/div><\/div><\/div><div id=\"pg-gb129-69e174bc31b66-3\"  class=\"panel-grid panel-no-style\" ><div id=\"pgc-gb129-69e174bc31b66-3-0\"  class=\"panel-grid-cell\" ><div id=\"panel-gb129-69e174bc31b66-3-0-0\" class=\"so-panel widget widget_sow-image panel-first-child\" data-index=\"10\" ><div\n\t\t\t\n\t\t\tclass=\"so-widget-sow-image so-widget-sow-image-default-334eeca80698-129\"\n\t\t\t\n\t\t>\n<div class=\"sow-image-container\">\n\t\t<img \n\tsrc=\"https:\/\/www.achvb.fr\/wp-content\/uploads\/2023\/02\/WhatsApp-Image-2023-02-07-at-23.27.15-1.jpeg\" width=\"1024\" height=\"768\" srcset=\"https:\/\/www.achvb.fr\/wp-content\/uploads\/2023\/02\/WhatsApp-Image-2023-02-07-at-23.27.15-1.jpeg 1024w, https:\/\/www.achvb.fr\/wp-content\/uploads\/2023\/02\/WhatsApp-Image-2023-02-07-at-23.27.15-1-300x225.jpeg 300w, https:\/\/www.achvb.fr\/wp-content\/uploads\/2023\/02\/WhatsApp-Image-2023-02-07-at-23.27.15-1-768x576.jpeg 768w, https:\/\/www.achvb.fr\/wp-content\/uploads\/2023\/02\/WhatsApp-Image-2023-02-07-at-23.27.15-1-380x285.jpeg 380w, https:\/\/www.achvb.fr\/wp-content\/uploads\/2023\/02\/WhatsApp-Image-2023-02-07-at-23.27.15-1-285x214.jpeg 285w\" sizes=\"(max-width: 1024px) 100vw, 1024px\" title=\"saison 2024-2025\" alt=\"\" \t\tclass=\"so-widget-image\"\/>\n\t<\/div>\n\n<\/div><\/div><div id=\"panel-gb129-69e174bc31b66-3-0-1\" class=\"so-panel widget widget_sow-editor panel-last-child\" data-index=\"11\" ><div\n\t\t\t\n\t\t\tclass=\"so-widget-sow-editor so-widget-sow-editor-base\"\n\t\t\t\n\t\t><h3 class=\"widget-title\">Minimes Garcons<\/h3>\n<div class=\"siteorigin-widget-tinymce textwidget\">\n\t<p>Equipe entrain\u00e9e\u00a0 par Guillaume DUMOULIN<\/p>\n<hr \/>\n<p><a href=\"https:\/\/www.ffvbbeach.org\/ffvbapp\/resu\/vbspo_calendrier.php?saison=2024\/2025&amp;codent=PTFL59&amp;poule=MMT\" target=\"_blank\" rel=\"noopener\">Saison 2024-2025 &#8211; Phase 1<\/a><br \/>\n<a href=\"https:\/\/www.ffvbbeach.org\/ffvbapp\/resu\/vbspo_calendrier.php?saison=2024\/2025&amp;codent=PTFL59&amp;division=DMM\" target=\"_blank\" rel=\"noopener\">Coupe du Nord &#8211; Minimes<\/a><br \/>\n<a href=\"https:\/\/www.ffvbbeach.org\/ffvbapp\/resu\/jeunes\/2024-2025\/\" target=\"_blank\" rel=\"noopener\">Coupe de France<\/a><\/p>\n<p><a href=\"https:\/\/www.ffvbbeach.org\/ffvbapp\/resu\/vbspo_calendrier.php?saison=2023\/2024&amp;codent=PTFL59&amp;poule=MMS\">Saison 2023-2024 &#8211; Phase 1<\/a><br \/>\n<a href=\"https:\/\/www.ffvbbeach.org\/ffvbapp\/resu\/vbspo_calendrier.php?saison=2023\/2024&amp;codent=PTFL59&amp;poule=MMF\" target=\"_blank\" rel=\"noopener\">Saison 2023-2024 &#8211; Phase 2<\/a><br \/>\n<a href=\"https:\/\/www.ffvbbeach.org\/ffvbapp\/resu\/vbspo_calendrier.php?saison=2023\/2024&amp;codent=PTFL59&amp;division=DMM\">Coupe du Nord &#8211; Minimes<\/a><\/p>\n<p>&nbsp;<\/p>\n<p>&nbsp;<\/p>\n<\/div>\n<\/div><\/div><\/div><div id=\"pgc-gb129-69e174bc31b66-3-1\"  class=\"panel-grid-cell\" ><div id=\"panel-gb129-69e174bc31b66-3-1-0\" class=\"so-panel widget widget_sow-image panel-first-child\" data-index=\"12\" ><div\n\t\t\t\n\t\t\tclass=\"so-widget-sow-image so-widget-sow-image-default-334eeca80698-129\"\n\t\t\t\n\t\t>\n<div class=\"sow-image-container\">\n\t\t<img \n\tsrc=\"https:\/\/www.achvb.fr\/wp-content\/uploads\/2023\/02\/WhatsApp-Image-2023-02-07-at-23.27.11-1.jpeg\" width=\"990\" height=\"648\" srcset=\"https:\/\/www.achvb.fr\/wp-content\/uploads\/2023\/02\/WhatsApp-Image-2023-02-07-at-23.27.11-1.jpeg 990w, https:\/\/www.achvb.fr\/wp-content\/uploads\/2023\/02\/WhatsApp-Image-2023-02-07-at-23.27.11-1-300x196.jpeg 300w, https:\/\/www.achvb.fr\/wp-content\/uploads\/2023\/02\/WhatsApp-Image-2023-02-07-at-23.27.11-1-768x503.jpeg 768w\" sizes=\"(max-width: 990px) 100vw, 990px\" title=\"saison 2021-2022\" alt=\"\" \t\tclass=\"so-widget-image\"\/>\n\t<\/div>\n\n<\/div><\/div><div id=\"panel-gb129-69e174bc31b66-3-1-1\" class=\"so-panel widget widget_sow-editor panel-last-child\" data-index=\"13\" ><div\n\t\t\t\n\t\t\tclass=\"so-widget-sow-editor so-widget-sow-editor-base\"\n\t\t\t\n\t\t><h3 class=\"widget-title\">Minimes Filles<\/h3>\n<div class=\"siteorigin-widget-tinymce textwidget\">\n\t<p>Equipe entrain\u00e9e\u00a0 par Gaetan VITS<\/p>\n<hr \/>\n<p><a href=\"https:\/\/www.ffvbbeach.org\/ffvbapp\/resu\/vbspo_calendrier.php?saison=2024\/2025&amp;codent=PTFL59&amp;poule=MFS\" target=\"_blank\" rel=\"noopener\">Saison 2024-2025 &#8211; Phase 1<\/a><br \/>\n<a href=\"https:\/\/www.ffvbbeach.org\/ffvbapp\/resu\/vbspo_calendrier.php?saison=2024\/2025&amp;codent=PTFL59&amp;division=DMF\" target=\"_blank\" rel=\"noopener\">Coupe du Nord &#8211; Minimes<\/a><br \/>\n<a href=\"https:\/\/www.ffvbbeach.org\/ffvbapp\/resu\/jeunes\/2024-2025\/\" target=\"_blank\" rel=\"noopener\">Coupe de France<\/a><\/p>\n<p><a href=\"https:\/\/www.ffvbbeach.org\/ffvbapp\/resu\/vbspo_calendrier.php?saison=2023\/2024&amp;codent=PTFL59&amp;poule=MFT\">Saison 2023-2024 &#8211; Phase 1<\/a><br \/>\n<a href=\"https:\/\/www.ffvbbeach.org\/ffvbapp\/resu\/vbspo_calendrier.php?saison=2023\/2024&amp;codent=PTFL59&amp;poule=MFF\" target=\"_blank\" rel=\"noopener\">Saison 2023-2024 &#8211; Phase 2<\/a><br \/>\n<a href=\"https:\/\/www.ffvbbeach.org\/ffvbapp\/resu\/vbspo_calendrier.php?saison=2023\/2024&amp;codent=PTFL59&amp;division=DMF\" target=\"_blank\" rel=\"noopener\">Coupe du Nord &#8211; Minimes<\/a><\/p>\n<p>&nbsp;<\/p>\n<p>&nbsp;<\/p>\n<\/div>\n<\/div><\/div><\/div><\/div><div id=\"pg-gb129-69e174bc31b66-4\"  class=\"panel-grid panel-no-style\" ><div id=\"pgc-gb129-69e174bc31b66-4-0\"  class=\"panel-grid-cell\" ><div id=\"panel-gb129-69e174bc31b66-4-0-0\" class=\"so-panel widget widget_sow-image panel-first-child\" data-index=\"14\" ><div\n\t\t\t\n\t\t\tclass=\"so-widget-sow-image so-widget-sow-image-default-334eeca80698-129\"\n\t\t\t\n\t\t>\n<div class=\"sow-image-container\">\n\t\t<img \n\tsrc=\"https:\/\/www.achvb.fr\/wp-content\/uploads\/2023\/11\/Benjamins.jpg\" width=\"1240\" height=\"921\" srcset=\"https:\/\/www.achvb.fr\/wp-content\/uploads\/2023\/11\/Benjamins.jpg 1240w, https:\/\/www.achvb.fr\/wp-content\/uploads\/2023\/11\/Benjamins-300x223.jpg 300w, https:\/\/www.achvb.fr\/wp-content\/uploads\/2023\/11\/Benjamins-1024x761.jpg 1024w, https:\/\/www.achvb.fr\/wp-content\/uploads\/2023\/11\/Benjamins-768x570.jpg 768w\" sizes=\"(max-width: 1240px) 100vw, 1240px\" title=\"saison 2023-2024\" alt=\"\" \t\tclass=\"so-widget-image\"\/>\n\t<\/div>\n\n<\/div><\/div><div id=\"panel-gb129-69e174bc31b66-4-0-1\" class=\"so-panel widget widget_sow-editor panel-last-child\" data-index=\"15\" ><div\n\t\t\t\n\t\t\tclass=\"so-widget-sow-editor so-widget-sow-editor-base\"\n\t\t\t\n\t\t><h3 class=\"widget-title\">Benjamins<\/h3>\n<div class=\"siteorigin-widget-tinymce textwidget\">\n\t<p>Equipe entrain\u00e9e\u00a0 par Etienne MASSON<\/p>\n<hr \/>\n<p><a href=\"https:\/\/www.ffvbbeach.org\/ffvbapp\/resu\/vbspo_calendrier.php?saison=2024\/2025&amp;codent=PTFL59&amp;poule=BMP\">Saison 2024-2025 &#8211; Phase 1<\/a><br \/>\n<a href=\"https:\/\/www.ffvbbeach.org\/ffvbapp\/resu\/vbspo_calendrier.php?saison=2024\/2025&amp;codent=PTFL59&amp;division=DBM\" target=\"_blank\" rel=\"noopener\">Coupe du Nord &#8211; Benjamins<\/a><\/p>\n<p><a href=\"https:\/\/www.ffvbbeach.org\/ffvbapp\/resu\/vbspo_calendrier.php?saison=2023\/2024&amp;codent=PTFL59&amp;poule=BMO\">Saison 2023-2024 &#8211; Phase 1<\/a><br \/>\n<a href=\"https:\/\/www.ffvbbeach.org\/ffvbapp\/resu\/vbspo_calendrier.php?saison=2023\/2024&amp;codent=PTFL59&amp;saison=2023\/2024&amp;poule=BMD\" target=\"_blank\" rel=\"noopener\">Saison 2023-2024 &#8211; Phase 2<\/a><br \/>\n<a href=\"https:\/\/www.ffvbbeach.org\/ffvbapp\/resu\/vbspo_calendrier.php?saison=2023\/2024&amp;codent=PTFL59&amp;division=DBM\" target=\"_blank\" rel=\"noopener\">Coupe du Nord &#8211; Benjamins<\/a><\/p>\n<p>&nbsp;<\/p>\n<\/div>\n<\/div><\/div><\/div><div id=\"pgc-gb129-69e174bc31b66-4-1\"  class=\"panel-grid-cell\" ><div id=\"panel-gb129-69e174bc31b66-4-1-0\" class=\"so-panel widget widget_sow-image panel-first-child\" data-index=\"16\" ><div\n\t\t\t\n\t\t\tclass=\"so-widget-sow-image so-widget-sow-image-default-334eeca80698-129\"\n\t\t\t\n\t\t>\n<div class=\"sow-image-container\">\n\t\t<img \n\tsrc=\"https:\/\/www.achvb.fr\/wp-content\/uploads\/2023\/11\/Benjamines-scaled.jpeg\" width=\"2560\" height=\"1152\" srcset=\"https:\/\/www.achvb.fr\/wp-content\/uploads\/2023\/11\/Benjamines-scaled.jpeg 2560w, https:\/\/www.achvb.fr\/wp-content\/uploads\/2023\/11\/Benjamines-300x135.jpeg 300w, https:\/\/www.achvb.fr\/wp-content\/uploads\/2023\/11\/Benjamines-1024x461.jpeg 1024w, https:\/\/www.achvb.fr\/wp-content\/uploads\/2023\/11\/Benjamines-768x346.jpeg 768w, https:\/\/www.achvb.fr\/wp-content\/uploads\/2023\/11\/Benjamines-1536x691.jpeg 1536w, https:\/\/www.achvb.fr\/wp-content\/uploads\/2023\/11\/Benjamines-2048x922.jpeg 2048w\" sizes=\"(max-width: 2560px) 100vw, 2560px\" title=\"saison 2023-2024\" alt=\"\" \t\tclass=\"so-widget-image\"\/>\n\t<\/div>\n\n<\/div><\/div><div id=\"panel-gb129-69e174bc31b66-4-1-1\" class=\"so-panel widget widget_sow-editor panel-last-child\" data-index=\"17\" ><div\n\t\t\t\n\t\t\tclass=\"so-widget-sow-editor so-widget-sow-editor-base\"\n\t\t\t\n\t\t><h3 class=\"widget-title\">Benjamines<\/h3>\n<div class=\"siteorigin-widget-tinymce textwidget\">\n\t<p>Equipe entrain\u00e9e\u00a0 par Sylvain MERTENS<\/p>\n<hr \/>\n<p>Saison 2024-2025 &#8211; Phase 1 (non engag\u00e9)<\/p>\n<p><a href=\"https:\/\/www.ffvbbeach.org\/ffvbapp\/resu\/vbspo_calendrier.php?saison=2023\/2024&amp;codent=PTFL59&amp;poule=BFQ\">Saison 2023-2024 &#8211; Phase 1<\/a><br \/>\n<a href=\"https:\/\/www.ffvbbeach.org\/ffvbapp\/resu\/vbspo_calendrier.php?saison=2023\/2024&amp;codent=PTFL59&amp;saison=2023\/2024&amp;poule=BFD\" target=\"_blank\" rel=\"noopener\">Saison 2022-2023 &#8211; Phase 2<br \/>\n<\/a><a href=\"https:\/\/www.ffvbbeach.org\/ffvbapp\/resu\/vbspo_calendrier.php?saison=2023\/2024&amp;codent=PTFL59&amp;division=DBF\" target=\"_blank\" rel=\"noopener\">Coupe du Nord &#8211; Benjamines<\/a><\/p>\n<p>&nbsp;<\/p>\n<p>&nbsp;<\/p>\n<\/div>\n<\/div><\/div><\/div><\/div><\/div>","protected":false},"excerpt":{"rendered":"<p>Nos sections Jeunes ont pour objectif la formation. Accompagn\u00e9s par nos entraineurs dipl\u00f4m\u00e9s, nos jeunes licenci\u00e9s d\u00e9couvriront notre sport et la comp\u00e9tition sans oubli\u00e9 de s&rsquo;amuser bien entendu. Equipe entrain\u00e9e\u00a0 par &#8230; Coupe de France 2024-2025 &nbsp; &nbsp; Equipe entrain\u00e9e par &#8230; Coupe de France 2024-2025<\/p>\n","protected":false},"author":4,"featured_media":0,"parent":60,"menu_order":0,"comment_status":"closed","ping_status":"closed","template":"","meta":{"footnotes":""},"class_list":["post-129","page","type-page","status-publish","hentry"],"_links":{"self":[{"href":"https:\/\/www.achvb.fr\/index.php?rest_route=\/wp\/v2\/pages\/129","targetHints":{"allow":["GET"]}}],"collection":[{"href":"https:\/\/www.achvb.fr\/index.php?rest_route=\/wp\/v2\/pages"}],"about":[{"href":"https:\/\/www.achvb.fr\/index.php?rest_route=\/wp\/v2\/types\/page"}],"author":[{"embeddable":true,"href":"https:\/\/www.achvb.fr\/index.php?rest_route=\/wp\/v2\/users\/4"}],"replies":[{"embeddable":true,"href":"https:\/\/www.achvb.fr\/index.php?rest_route=%2Fwp%2Fv2%2Fcomments&post=129"}],"version-history":[{"count":29,"href":"https:\/\/www.achvb.fr\/index.php?rest_route=\/wp\/v2\/pages\/129\/revisions"}],"predecessor-version":[{"id":803,"href":"https:\/\/www.achvb.fr\/index.php?rest_route=\/wp\/v2\/pages\/129\/revisions\/803"}],"up":[{"embeddable":true,"href":"https:\/\/www.achvb.fr\/index.php?rest_route=\/wp\/v2\/pages\/60"}],"wp:attachment":[{"href":"https:\/\/www.achvb.fr\/index.php?rest_route=%2Fwp%2Fv2%2Fmedia&parent=129"}],"curies":[{"name":"wp","href":"https:\/\/api.w.org\/{rel}","templated":true}]}}