{"id":131,"date":"2022-07-19T16:50:04","date_gmt":"2022-07-19T16:50:04","guid":{"rendered":"https:\/\/test.achvb.fr\/?page_id=131"},"modified":"2024-11-18T10:06:23","modified_gmt":"2024-11-18T09:06:23","slug":"loisirs-competition","status":"publish","type":"page","link":"https:\/\/www.achvb.fr\/?page_id=131","title":{"rendered":"Comp\u00e9tition Loisirs"},"content":{"rendered":"<div id=\"pl-gb131-69e1e8404546f\"  class=\"panel-layout wp-block-siteorigin-panels-layout-block\" ><div id=\"pg-gb131-69e1e8404546f-0\"  class=\"panel-grid panel-no-style\" ><div id=\"pgc-gb131-69e1e8404546f-0-0\"  class=\"panel-grid-cell\" ><div id=\"panel-gb131-69e1e8404546f-0-0-0\" class=\"so-panel widget widget_sow-editor panel-first-child panel-last-child\" data-index=\"0\" ><div\n\t\t\t\n\t\t\tclass=\"so-widget-sow-editor so-widget-sow-editor-base\"\n\t\t\t\n\t\t>\n<div class=\"siteorigin-widget-tinymce textwidget\">\n\t<p>Notre section loisir comp\u00e9tition est ouverte \u00e0 ceux qui souhaitent faire de la comp\u00e9tition sans les prises de t\u00eates des matchs du week-end car nous sommes sur du championnat de semaine. L&rsquo;objectif principale restent de pouvoir jouer entre amis tout en ayant de l&rsquo;opposition avec d&rsquo;autres \u00e9quipes loisirs<\/p>\n<\/div>\n<\/div><\/div><\/div><\/div><div id=\"pg-gb131-69e1e8404546f-1\"  class=\"panel-grid panel-no-style\" ><div id=\"pgc-gb131-69e1e8404546f-1-0\"  class=\"panel-grid-cell\" ><div id=\"panel-gb131-69e1e8404546f-1-0-0\" class=\"so-panel widget widget_sow-image panel-first-child\" data-index=\"1\" ><div\n\t\t\t\n\t\t\tclass=\"so-widget-sow-image so-widget-sow-image-default-334eeca80698-131\"\n\t\t\t\n\t\t>\n<div class=\"sow-image-container\">\n\t\t<img \n\tsrc=\"https:\/\/www.achvb.fr\/wp-content\/uploads\/2023\/02\/WhatsApp-Image-2023-02-07-at-23.27.13.jpeg\" width=\"1600\" height=\"1200\" srcset=\"https:\/\/www.achvb.fr\/wp-content\/uploads\/2023\/02\/WhatsApp-Image-2023-02-07-at-23.27.13.jpeg 1600w, https:\/\/www.achvb.fr\/wp-content\/uploads\/2023\/02\/WhatsApp-Image-2023-02-07-at-23.27.13-300x225.jpeg 300w, https:\/\/www.achvb.fr\/wp-content\/uploads\/2023\/02\/WhatsApp-Image-2023-02-07-at-23.27.13-1024x768.jpeg 1024w, https:\/\/www.achvb.fr\/wp-content\/uploads\/2023\/02\/WhatsApp-Image-2023-02-07-at-23.27.13-768x576.jpeg 768w, https:\/\/www.achvb.fr\/wp-content\/uploads\/2023\/02\/WhatsApp-Image-2023-02-07-at-23.27.13-1536x1152.jpeg 1536w, https:\/\/www.achvb.fr\/wp-content\/uploads\/2023\/02\/WhatsApp-Image-2023-02-07-at-23.27.13-380x285.jpeg 380w, https:\/\/www.achvb.fr\/wp-content\/uploads\/2023\/02\/WhatsApp-Image-2023-02-07-at-23.27.13-285x214.jpeg 285w\" sizes=\"(max-width: 1600px) 100vw, 1600px\" title=\"Loisirs 1 2022-2023\" alt=\"\" \t\tclass=\"so-widget-image\"\/>\n\t<\/div>\n\n<\/div><\/div><div id=\"panel-gb131-69e1e8404546f-1-0-1\" class=\"so-panel widget widget_sow-editor panel-last-child\" data-index=\"2\" ><div\n\t\t\t\n\t\t\tclass=\"so-widget-sow-editor so-widget-sow-editor-base\"\n\t\t\t\n\t\t>\n<div class=\"siteorigin-widget-tinymce textwidget\">\n\t<p>Equipe Loisir 1 encadr\u00e9s Guillaume et Olivier<\/p>\n<p><a href=\"https:\/\/www.ffvbbeach.org\/ffvbapp\/resu\/vbspo_calendrier.php?saison=2024\/2025&amp;codent=PTFL59&amp;poule=DLB\" target=\"_blank\" rel=\"noopener\">Saison 2024-2025<\/a><\/p>\n<p><a href=\"https:\/\/www.ffvbbeach.org\/ffvbapp\/resu\/vbspo_calendrier.php?saison=2023\/2024&amp;codent=PTFL59&amp;saison=2023\/2024&amp;poule=DLA\" target=\"_blank\" rel=\"noopener\">Saison 2023-2024<\/a><\/p>\n<hr \/>\n<p>&nbsp;<\/p>\n<\/div>\n<\/div><\/div><\/div><div id=\"pgc-gb131-69e1e8404546f-1-1\"  class=\"panel-grid-cell\" ><div id=\"panel-gb131-69e1e8404546f-1-1-0\" class=\"so-panel widget widget_sow-image panel-first-child\" data-index=\"3\" ><div\n\t\t\t\n\t\t\tclass=\"so-widget-sow-image so-widget-sow-image-default-334eeca80698-131\"\n\t\t\t\n\t\t>\n<div class=\"sow-image-container\">\n\t\t<img \n\tsrc=\"https:\/\/www.achvb.fr\/wp-content\/uploads\/2023\/02\/WhatsApp-Image-2023-02-07-at-23.27.12-2.jpeg\" width=\"1600\" height=\"1066\" srcset=\"https:\/\/www.achvb.fr\/wp-content\/uploads\/2023\/02\/WhatsApp-Image-2023-02-07-at-23.27.12-2.jpeg 1600w, https:\/\/www.achvb.fr\/wp-content\/uploads\/2023\/02\/WhatsApp-Image-2023-02-07-at-23.27.12-2-300x200.jpeg 300w, https:\/\/www.achvb.fr\/wp-content\/uploads\/2023\/02\/WhatsApp-Image-2023-02-07-at-23.27.12-2-1024x682.jpeg 1024w, https:\/\/www.achvb.fr\/wp-content\/uploads\/2023\/02\/WhatsApp-Image-2023-02-07-at-23.27.12-2-768x512.jpeg 768w, https:\/\/www.achvb.fr\/wp-content\/uploads\/2023\/02\/WhatsApp-Image-2023-02-07-at-23.27.12-2-1536x1023.jpeg 1536w, https:\/\/www.achvb.fr\/wp-content\/uploads\/2023\/02\/WhatsApp-Image-2023-02-07-at-23.27.12-2-570x380.jpeg 570w, https:\/\/www.achvb.fr\/wp-content\/uploads\/2023\/02\/WhatsApp-Image-2023-02-07-at-23.27.12-2-380x254.jpeg 380w, https:\/\/www.achvb.fr\/wp-content\/uploads\/2023\/02\/WhatsApp-Image-2023-02-07-at-23.27.12-2-285x190.jpeg 285w, https:\/\/www.achvb.fr\/wp-content\/uploads\/2023\/02\/WhatsApp-Image-2023-02-07-at-23.27.12-2-272x182.jpeg 272w\" sizes=\"(max-width: 1600px) 100vw, 1600px\" title=\"Loisirs 2 2022-2023\" alt=\"\" \t\tclass=\"so-widget-image\"\/>\n\t<\/div>\n\n<\/div><\/div><div id=\"panel-gb131-69e1e8404546f-1-1-1\" class=\"so-panel widget widget_sow-editor panel-last-child\" data-index=\"4\" ><div\n\t\t\t\n\t\t\tclass=\"so-widget-sow-editor so-widget-sow-editor-base\"\n\t\t\t\n\t\t>\n<div class=\"siteorigin-widget-tinymce textwidget\">\n\t<p>Equipe Loisir 2 encadr\u00e9s par Loic Noel<\/p>\n<p><a href=\"https:\/\/www.ffvbbeach.org\/ffvbapp\/resu\/vbspo_calendrier.php?saison=2024\/2025&amp;codent=PTFL59&amp;poule=DLA\" target=\"_blank\" rel=\"noopener\">Saison 2024-2025<\/a><\/p>\n<p><a href=\"https:\/\/www.ffvbbeach.org\/ffvbapp\/resu\/vbspo_calendrier.php?saison=2023\/2024&amp;codent=PTFL59&amp;saison=2023\/2024&amp;poule=DLE\" target=\"_blank\" rel=\"noopener\">Saison 2023<\/a><a href=\"https:\/\/www.ffvbbeach.org\/ffvbapp\/resu\/vbspo_calendrier.php?saison=2023\/2024&amp;codent=PTFL59&amp;saison=2023\/2024&amp;poule=DLE\" target=\"_blank\" rel=\"noopener\">-2024<\/a><\/p>\n<p>&nbsp;<\/p>\n<\/div>\n<\/div><\/div><\/div><\/div><div id=\"pg-gb131-69e1e8404546f-2\"  class=\"panel-grid panel-no-style\" ><div id=\"pgc-gb131-69e1e8404546f-2-0\"  class=\"panel-grid-cell panel-grid-cell-empty\" ><\/div><div id=\"pgc-gb131-69e1e8404546f-2-1\"  class=\"panel-grid-cell panel-grid-cell-mobile-last\" ><div id=\"panel-gb131-69e1e8404546f-2-1-0\" class=\"so-panel widget widget_sow-image panel-first-child\" data-index=\"5\" ><div\n\t\t\t\n\t\t\tclass=\"so-widget-sow-image so-widget-sow-image-default-334eeca80698-131\"\n\t\t\t\n\t\t>\n<div class=\"sow-image-container\">\n\t\t<img \n\tsrc=\"https:\/\/www.achvb.fr\/wp-content\/uploads\/2022\/07\/119163355_2765185257142107_5328413675882073317_n.png\" width=\"539\" height=\"540\" srcset=\"https:\/\/www.achvb.fr\/wp-content\/uploads\/2022\/07\/119163355_2765185257142107_5328413675882073317_n.png 539w, https:\/\/www.achvb.fr\/wp-content\/uploads\/2022\/07\/119163355_2765185257142107_5328413675882073317_n-300x300.png 300w, https:\/\/www.achvb.fr\/wp-content\/uploads\/2022\/07\/119163355_2765185257142107_5328413675882073317_n-150x150.png 150w, https:\/\/www.achvb.fr\/wp-content\/uploads\/2022\/07\/119163355_2765185257142107_5328413675882073317_n-120x120.png 120w, https:\/\/www.achvb.fr\/wp-content\/uploads\/2022\/07\/119163355_2765185257142107_5328413675882073317_n-105x105.png 105w, https:\/\/www.achvb.fr\/wp-content\/uploads\/2022\/07\/119163355_2765185257142107_5328413675882073317_n-380x380.png 380w, https:\/\/www.achvb.fr\/wp-content\/uploads\/2022\/07\/119163355_2765185257142107_5328413675882073317_n-285x285.png 285w\" sizes=\"(max-width: 539px) 100vw, 539px\" title=\"Adultes\" alt=\"\" \t\tclass=\"so-widget-image\"\/>\n\t<\/div>\n\n<\/div><\/div><div id=\"panel-gb131-69e1e8404546f-2-1-1\" class=\"so-panel widget widget_sow-editor panel-last-child\" data-index=\"6\" ><div\n\t\t\t\n\t\t\tclass=\"so-widget-sow-editor so-widget-sow-editor-base\"\n\t\t\t\n\t\t>\n<div class=\"siteorigin-widget-tinymce textwidget\">\n\t<p>Equipe Loisir 3 encadr\u00e9 Maxime Lefebvre<\/p>\n<p><a href=\"https:\/\/www.ffvbbeach.org\/ffvbapp\/resu\/vbspo_calendrier.php?saison=2024\/2025&amp;codent=PTFL59&amp;poule=DLE\" target=\"_blank\" rel=\"noopener\">Saison 2024-2025<\/a><\/p>\n<p><a href=\"https:\/\/www.ffvbbeach.org\/ffvbapp\/resu\/vbspo_calendrier.php?saison=2023\/2024&amp;codent=PTFL59&amp;saison=2023\/2024&amp;poule=DLD\" target=\"_blank\" rel=\"noopener\">Saison 2023-2024<\/a><\/p>\n<\/div>\n<\/div><\/div><\/div><div id=\"pgc-gb131-69e1e8404546f-2-2\"  class=\"panel-grid-cell panel-grid-cell-empty\" ><\/div><\/div><\/div>","protected":false},"excerpt":{"rendered":"<p>Notre section loisir comp\u00e9tition est ouverte \u00e0 ceux qui souhaitent faire de la comp\u00e9tition sans les prises de t\u00eates des matchs du week-end car nous sommes sur du championnat de semaine. L&rsquo;objectif principale restent de pouvoir jouer entre amis tout en ayant de l&rsquo;opposition avec d&rsquo;autres \u00e9quipes loisirs Equipe Loisir 1 encadr\u00e9s Guillaume et Olivier<\/p>\n<p class=\"more-link\"><a href=\"https:\/\/www.achvb.fr\/?page_id=131\" class=\"themebutton\">Read More<\/a><\/p>\n","protected":false},"author":4,"featured_media":0,"parent":60,"menu_order":0,"comment_status":"closed","ping_status":"closed","template":"","meta":{"footnotes":""},"class_list":["post-131","page","type-page","status-publish","hentry"],"_links":{"self":[{"href":"https:\/\/www.achvb.fr\/index.php?rest_route=\/wp\/v2\/pages\/131","targetHints":{"allow":["GET"]}}],"collection":[{"href":"https:\/\/www.achvb.fr\/index.php?rest_route=\/wp\/v2\/pages"}],"about":[{"href":"https:\/\/www.achvb.fr\/index.php?rest_route=\/wp\/v2\/types\/page"}],"author":[{"embeddable":true,"href":"https:\/\/www.achvb.fr\/index.php?rest_route=\/wp\/v2\/users\/4"}],"replies":[{"embeddable":true,"href":"https:\/\/www.achvb.fr\/index.php?rest_route=%2Fwp%2Fv2%2Fcomments&post=131"}],"version-history":[{"count":15,"href":"https:\/\/www.achvb.fr\/index.php?rest_route=\/wp\/v2\/pages\/131\/revisions"}],"predecessor-version":[{"id":799,"href":"https:\/\/www.achvb.fr\/index.php?rest_route=\/wp\/v2\/pages\/131\/revisions\/799"}],"up":[{"embeddable":true,"href":"https:\/\/www.achvb.fr\/index.php?rest_route=\/wp\/v2\/pages\/60"}],"wp:attachment":[{"href":"https:\/\/www.achvb.fr\/index.php?rest_route=%2Fwp%2Fv2%2Fmedia&parent=131"}],"curies":[{"name":"wp","href":"https:\/\/api.w.org\/{rel}","templated":true}]}}