{"id":136,"date":"2022-07-19T16:52:09","date_gmt":"2022-07-19T16:52:09","guid":{"rendered":"https:\/\/test.achvb.fr\/?page_id=136"},"modified":"2024-11-06T13:32:41","modified_gmt":"2024-11-06T12:32:41","slug":"ecole-de-volley","status":"publish","type":"page","link":"https:\/\/www.achvb.fr\/?page_id=136","title":{"rendered":"Ecole de Volley"},"content":{"rendered":"<div id=\"pl-gb136-69f2e3a96e872\"  class=\"panel-layout wp-block-siteorigin-panels-layout-block\" ><div id=\"pg-gb136-69f2e3a96e872-0\"  class=\"panel-grid panel-no-style\" ><div id=\"pgc-gb136-69f2e3a96e872-0-0\"  class=\"panel-grid-cell\" ><div id=\"panel-gb136-69f2e3a96e872-0-0-0\" class=\"so-panel widget widget_sow-editor panel-first-child panel-last-child\" data-index=\"0\" ><div\n\t\t\t\n\t\t\tclass=\"so-widget-sow-editor so-widget-sow-editor-base\"\n\t\t\t\n\t\t>\n<div class=\"siteorigin-widget-tinymce textwidget\">\n\t<p>L&rsquo;\u00e9cole de Volley est parfaitement adapt\u00e9 pour les enfants \u00e0 partir de 7 ans qui d\u00e9couvrent le volley pour la premi\u00e8re. L&rsquo;objectif\u00a0 simple accompagn\u00e9 l&rsquo;enfant dans l&rsquo;appr\u00e9hension des gestes\u00a0 techniques tout en s&rsquo;amusant. Elle fait le lien entre notre section baby volley et nos sections\u00a0 jeunes comp\u00e9titions.<\/p>\n<\/div>\n<\/div><\/div><\/div><\/div><div id=\"pg-gb136-69f2e3a96e872-1\"  class=\"panel-grid panel-no-style\" ><div id=\"pgc-gb136-69f2e3a96e872-1-0\"  class=\"panel-grid-cell panel-grid-cell-empty\" ><\/div><div id=\"pgc-gb136-69f2e3a96e872-1-1\"  class=\"panel-grid-cell panel-grid-cell-mobile-last\" ><div id=\"panel-gb136-69f2e3a96e872-1-1-0\" class=\"so-panel widget widget_sow-image panel-first-child\" data-index=\"1\" ><div\n\t\t\t\n\t\t\tclass=\"so-widget-sow-image so-widget-sow-image-default-334eeca80698-136\"\n\t\t\t\n\t\t>\n<div class=\"sow-image-container\">\n\t\t<img \n\tsrc=\"https:\/\/www.achvb.fr\/wp-content\/uploads\/2022\/07\/ecole.jpg\" width=\"286\" height=\"204\" sizes=\"(max-width: 286px) 100vw, 286px\" alt=\"\" \t\tclass=\"so-widget-image\"\/>\n\t<\/div>\n\n<\/div><\/div><div id=\"panel-gb136-69f2e3a96e872-1-1-1\" class=\"so-panel widget widget_sow-editor panel-last-child\" data-index=\"2\" ><div\n\t\t\t\n\t\t\tclass=\"so-widget-sow-editor so-widget-sow-editor-base\"\n\t\t\t\n\t\t>\n<div class=\"siteorigin-widget-tinymce textwidget\">\n\t<p>Entrain\u00e9 par Sylvain MERTENS<\/p>\n<\/div>\n<\/div><\/div><\/div><div id=\"pgc-gb136-69f2e3a96e872-1-2\"  class=\"panel-grid-cell panel-grid-cell-empty\" ><\/div><\/div><\/div>","protected":false},"excerpt":{"rendered":"<p>L&rsquo;\u00e9cole de Volley est parfaitement adapt\u00e9 pour les enfants \u00e0 partir de 7 ans qui d\u00e9couvrent le volley pour la premi\u00e8re. L&rsquo;objectif\u00a0 simple accompagn\u00e9 l&rsquo;enfant dans l&rsquo;appr\u00e9hension des gestes\u00a0 techniques tout en s&rsquo;amusant. Elle fait le lien entre notre section baby volley et nos sections\u00a0 jeunes comp\u00e9titions. Entrain\u00e9 par Sylvain MERTENS<\/p>\n","protected":false},"author":4,"featured_media":0,"parent":60,"menu_order":0,"comment_status":"closed","ping_status":"closed","template":"","meta":{"footnotes":""},"class_list":["post-136","page","type-page","status-publish","hentry"],"_links":{"self":[{"href":"https:\/\/www.achvb.fr\/index.php?rest_route=\/wp\/v2\/pages\/136","targetHints":{"allow":["GET"]}}],"collection":[{"href":"https:\/\/www.achvb.fr\/index.php?rest_route=\/wp\/v2\/pages"}],"about":[{"href":"https:\/\/www.achvb.fr\/index.php?rest_route=\/wp\/v2\/types\/page"}],"author":[{"embeddable":true,"href":"https:\/\/www.achvb.fr\/index.php?rest_route=\/wp\/v2\/users\/4"}],"replies":[{"embeddable":true,"href":"https:\/\/www.achvb.fr\/index.php?rest_route=%2Fwp%2Fv2%2Fcomments&post=136"}],"version-history":[{"count":3,"href":"https:\/\/www.achvb.fr\/index.php?rest_route=\/wp\/v2\/pages\/136\/revisions"}],"predecessor-version":[{"id":772,"href":"https:\/\/www.achvb.fr\/index.php?rest_route=\/wp\/v2\/pages\/136\/revisions\/772"}],"up":[{"embeddable":true,"href":"https:\/\/www.achvb.fr\/index.php?rest_route=\/wp\/v2\/pages\/60"}],"wp:attachment":[{"href":"https:\/\/www.achvb.fr\/index.php?rest_route=%2Fwp%2Fv2%2Fmedia&parent=136"}],"curies":[{"name":"wp","href":"https:\/\/api.w.org\/{rel}","templated":true}]}}