{"id":138,"date":"2022-07-19T16:52:37","date_gmt":"2022-07-19T16:52:37","guid":{"rendered":"https:\/\/test.achvb.fr\/?page_id=138"},"modified":"2024-11-06T13:38:04","modified_gmt":"2024-11-06T12:38:04","slug":"baby-volley","status":"publish","type":"page","link":"https:\/\/www.achvb.fr\/?page_id=138","title":{"rendered":"Baby Volley \/ Pupille"},"content":{"rendered":"<div id=\"pl-gb138-6a070f3086176\"  class=\"panel-layout wp-block-siteorigin-panels-layout-block\" ><div id=\"pg-gb138-6a070f3086176-0\"  class=\"panel-grid panel-no-style\" ><div id=\"pgc-gb138-6a070f3086176-0-0\"  class=\"panel-grid-cell\" ><div id=\"panel-gb138-6a070f3086176-0-0-0\" class=\"so-panel widget widget_sow-editor panel-first-child\" data-index=\"0\" ><div\n\t\t\t\n\t\t\tclass=\"so-widget-sow-editor so-widget-sow-editor-base\"\n\t\t\t\n\t\t>\n<div class=\"siteorigin-widget-tinymce textwidget\">\n\t<p>La section baby volley est adapt\u00e9 pour les enfants de 3 \u00e0 7 ans. Dans cette section, vos enfants d\u00e9couvriront le volley au travers de jeux, de parcours de motricit\u00e9, d&rsquo;exercices d&rsquo;\u00e9quipe tout en s&rsquo;amusant et de yoga. Notre objectif premier restent l&rsquo;accompagnement de l&rsquo;enfant dans son d\u00e9veloppement moteur tout en lui faisant d\u00e9couvrir le volley-ball.<\/p>\n<\/div>\n<\/div><\/div><div id=\"panel-gb138-6a070f3086176-0-0-1\" class=\"so-panel widget widget_sow-editor\" data-index=\"1\" ><div\n\t\t\t\n\t\t\tclass=\"so-widget-sow-editor so-widget-sow-editor-base\"\n\t\t\t\n\t\t>\n<div class=\"siteorigin-widget-tinymce textwidget\">\n\t<p>La section pupille(M9) volley est adapt\u00e9 pour les enfants de 7 \u00e0 9 ans. Dans cette section et dans la continuit\u00e9 du baby volley, vos enfants continueront la d\u00e9couverte du volley au travers de jeux, d&rsquo;ateliers, d&rsquo;exercices\u00a0 et de travails d&rsquo;\u00e9quipe tout en s&rsquo;amusant. Notre objectif premier restent l&rsquo;accompagnement de l&rsquo;enfant dans sa d\u00e9couverte et son apprentissage du volley et de ses valeurs.<\/p>\n<\/div>\n<\/div><\/div><div id=\"panel-gb138-6a070f3086176-0-0-2\" class=\"so-panel widget widget_sow-editor panel-last-child\" data-index=\"2\" ><div\n\t\t\t\n\t\t\tclass=\"so-widget-sow-editor so-widget-sow-editor-base\"\n\t\t\t\n\t\t>\n<div class=\"siteorigin-widget-tinymce textwidget\">\n\t<p>Encadr\u00e9 par Cindy TAUPE, Aymeric PILARD,Alexis LARGY, Sylvain MERTENS et Anouk PETIT<\/p>\n<\/div>\n<\/div><\/div><\/div><\/div><div id=\"pg-gb138-6a070f3086176-1\"  class=\"panel-grid panel-no-style\" ><div id=\"pgc-gb138-6a070f3086176-1-0\"  class=\"panel-grid-cell\" ><div id=\"panel-gb138-6a070f3086176-1-0-0\" class=\"so-panel widget widget_sow-image panel-first-child\" data-index=\"3\" ><div\n\t\t\t\n\t\t\tclass=\"so-widget-sow-image so-widget-sow-image-default-334eeca80698-138\"\n\t\t\t\n\t\t>\n<div class=\"sow-image-container\">\n\t\t<img \n\tsrc=\"https:\/\/www.achvb.fr\/wp-content\/uploads\/2024\/11\/WhatsApp-Image-2024-10-22-at-14.10.04.jpeg\" width=\"899\" height=\"648\" srcset=\"https:\/\/www.achvb.fr\/wp-content\/uploads\/2024\/11\/WhatsApp-Image-2024-10-22-at-14.10.04.jpeg 899w, https:\/\/www.achvb.fr\/wp-content\/uploads\/2024\/11\/WhatsApp-Image-2024-10-22-at-14.10.04-300x216.jpeg 300w, https:\/\/www.achvb.fr\/wp-content\/uploads\/2024\/11\/WhatsApp-Image-2024-10-22-at-14.10.04-768x554.jpeg 768w\" sizes=\"(max-width: 899px) 100vw, 899px\" title=\"WhatsApp Image 2024-10-22 at 14.10.04\" alt=\"\" \t\tclass=\"so-widget-image\"\/>\n\t<\/div>\n\n<\/div><\/div><div id=\"panel-gb138-6a070f3086176-1-0-1\" class=\"so-panel widget widget_sow-image panel-last-child\" data-index=\"4\" ><div\n\t\t\t\n\t\t\tclass=\"so-widget-sow-image so-widget-sow-image-default-334eeca80698-138\"\n\t\t\t\n\t\t>\n<div class=\"sow-image-container\">\n\t\t<img \n\tsrc=\"https:\/\/www.achvb.fr\/wp-content\/uploads\/2022\/07\/B746A63D-107C-4A8C-AE93-68EE90546506_1_105_c.jpg\" width=\"1024\" height=\"768\" srcset=\"https:\/\/www.achvb.fr\/wp-content\/uploads\/2022\/07\/B746A63D-107C-4A8C-AE93-68EE90546506_1_105_c.jpg 1024w, https:\/\/www.achvb.fr\/wp-content\/uploads\/2022\/07\/B746A63D-107C-4A8C-AE93-68EE90546506_1_105_c-300x225.jpg 300w, https:\/\/www.achvb.fr\/wp-content\/uploads\/2022\/07\/B746A63D-107C-4A8C-AE93-68EE90546506_1_105_c-768x576.jpg 768w, https:\/\/www.achvb.fr\/wp-content\/uploads\/2022\/07\/B746A63D-107C-4A8C-AE93-68EE90546506_1_105_c-380x285.jpg 380w, https:\/\/www.achvb.fr\/wp-content\/uploads\/2022\/07\/B746A63D-107C-4A8C-AE93-68EE90546506_1_105_c-285x214.jpg 285w\" sizes=\"(max-width: 1024px) 100vw, 1024px\" title=\"baby 3\" alt=\"\" \t\tclass=\"so-widget-image\"\/>\n\t<\/div>\n\n<\/div><\/div><\/div><div id=\"pgc-gb138-6a070f3086176-1-1\"  class=\"panel-grid-cell\" ><div id=\"panel-gb138-6a070f3086176-1-1-0\" class=\"so-panel widget widget_sow-image panel-first-child\" data-index=\"5\" ><div\n\t\t\t\n\t\t\tclass=\"so-widget-sow-image so-widget-sow-image-default-334eeca80698-138\"\n\t\t\t\n\t\t>\n<div class=\"sow-image-container\">\n\t\t<img \n\tsrc=\"https:\/\/www.achvb.fr\/wp-content\/uploads\/2024\/11\/WhatsApp-Image-2024-10-22-at-14.10.03.jpeg\" width=\"1064\" height=\"588\" srcset=\"https:\/\/www.achvb.fr\/wp-content\/uploads\/2024\/11\/WhatsApp-Image-2024-10-22-at-14.10.03.jpeg 1064w, https:\/\/www.achvb.fr\/wp-content\/uploads\/2024\/11\/WhatsApp-Image-2024-10-22-at-14.10.03-300x166.jpeg 300w, https:\/\/www.achvb.fr\/wp-content\/uploads\/2024\/11\/WhatsApp-Image-2024-10-22-at-14.10.03-1024x566.jpeg 1024w, https:\/\/www.achvb.fr\/wp-content\/uploads\/2024\/11\/WhatsApp-Image-2024-10-22-at-14.10.03-768x424.jpeg 768w\" sizes=\"(max-width: 1064px) 100vw, 1064px\" title=\"WhatsApp Image 2024-10-22 at 14.10.03\" alt=\"\" \t\tclass=\"so-widget-image\"\/>\n\t<\/div>\n\n<\/div><\/div><div id=\"panel-gb138-6a070f3086176-1-1-1\" class=\"so-panel widget widget_sow-image panel-last-child\" data-index=\"6\" ><div\n\t\t\t\n\t\t\tclass=\"so-widget-sow-image so-widget-sow-image-default-334eeca80698-138\"\n\t\t\t\n\t\t>\n<div class=\"sow-image-container\">\n\t\t<img \n\tsrc=\"https:\/\/www.achvb.fr\/wp-content\/uploads\/2022\/07\/544579ED-8721-422D-AB20-9EF878978C9F_1_105_c.jpg\" width=\"1024\" height=\"768\" srcset=\"https:\/\/www.achvb.fr\/wp-content\/uploads\/2022\/07\/544579ED-8721-422D-AB20-9EF878978C9F_1_105_c.jpg 1024w, https:\/\/www.achvb.fr\/wp-content\/uploads\/2022\/07\/544579ED-8721-422D-AB20-9EF878978C9F_1_105_c-300x225.jpg 300w, https:\/\/www.achvb.fr\/wp-content\/uploads\/2022\/07\/544579ED-8721-422D-AB20-9EF878978C9F_1_105_c-768x576.jpg 768w, https:\/\/www.achvb.fr\/wp-content\/uploads\/2022\/07\/544579ED-8721-422D-AB20-9EF878978C9F_1_105_c-380x285.jpg 380w, https:\/\/www.achvb.fr\/wp-content\/uploads\/2022\/07\/544579ED-8721-422D-AB20-9EF878978C9F_1_105_c-285x214.jpg 285w\" sizes=\"(max-width: 1024px) 100vw, 1024px\" title=\"baby 2\" alt=\"\" \t\tclass=\"so-widget-image\"\/>\n\t<\/div>\n\n<\/div><\/div><\/div><\/div><\/div>\n\n\n<p><\/p>\n","protected":false},"excerpt":{"rendered":"<p>La section baby volley est adapt\u00e9 pour les enfants de 3 \u00e0 7 ans. Dans cette section, vos enfants d\u00e9couvriront le volley au travers de jeux, de parcours de motricit\u00e9, d&rsquo;exercices d&rsquo;\u00e9quipe tout en s&rsquo;amusant et de yoga. Notre objectif premier restent l&rsquo;accompagnement de l&rsquo;enfant dans son d\u00e9veloppement moteur tout en lui faisant d\u00e9couvrir le<\/p>\n<p class=\"more-link\"><a href=\"https:\/\/www.achvb.fr\/?page_id=138\" class=\"themebutton\">Read More<\/a><\/p>\n","protected":false},"author":4,"featured_media":0,"parent":60,"menu_order":0,"comment_status":"closed","ping_status":"closed","template":"","meta":{"footnotes":""},"class_list":["post-138","page","type-page","status-publish","hentry"],"_links":{"self":[{"href":"https:\/\/www.achvb.fr\/index.php?rest_route=\/wp\/v2\/pages\/138","targetHints":{"allow":["GET"]}}],"collection":[{"href":"https:\/\/www.achvb.fr\/index.php?rest_route=\/wp\/v2\/pages"}],"about":[{"href":"https:\/\/www.achvb.fr\/index.php?rest_route=\/wp\/v2\/types\/page"}],"author":[{"embeddable":true,"href":"https:\/\/www.achvb.fr\/index.php?rest_route=\/wp\/v2\/users\/4"}],"replies":[{"embeddable":true,"href":"https:\/\/www.achvb.fr\/index.php?rest_route=%2Fwp%2Fv2%2Fcomments&post=138"}],"version-history":[{"count":7,"href":"https:\/\/www.achvb.fr\/index.php?rest_route=\/wp\/v2\/pages\/138\/revisions"}],"predecessor-version":[{"id":785,"href":"https:\/\/www.achvb.fr\/index.php?rest_route=\/wp\/v2\/pages\/138\/revisions\/785"}],"up":[{"embeddable":true,"href":"https:\/\/www.achvb.fr\/index.php?rest_route=\/wp\/v2\/pages\/60"}],"wp:attachment":[{"href":"https:\/\/www.achvb.fr\/index.php?rest_route=%2Fwp%2Fv2%2Fmedia&parent=138"}],"curies":[{"name":"wp","href":"https:\/\/api.w.org\/{rel}","templated":true}]}}