{"id":154,"date":"2022-07-19T16:59:26","date_gmt":"2022-07-19T16:59:26","guid":{"rendered":"https:\/\/test.achvb.fr\/?page_id=154"},"modified":"2024-09-24T18:18:41","modified_gmt":"2024-09-24T16:18:41","slug":"organigramme","status":"publish","type":"page","link":"https:\/\/www.achvb.fr\/?page_id=154","title":{"rendered":"Organigramme"},"content":{"rendered":"<div id=\"pl-gb154-69e1ac9ad7460\"  class=\"panel-layout wp-block-siteorigin-panels-layout-block\" ><div id=\"pg-gb154-69e1ac9ad7460-0\"  class=\"panel-grid panel-no-style\" ><div id=\"pgc-gb154-69e1ac9ad7460-0-0\"  class=\"panel-grid-cell panel-grid-cell-empty\" ><\/div><div id=\"pgc-gb154-69e1ac9ad7460-0-1\"  class=\"panel-grid-cell panel-grid-cell-mobile-last\" ><div id=\"panel-gb154-69e1ac9ad7460-0-1-0\" class=\"so-panel widget widget_sow-image panel-first-child\" data-index=\"0\" ><div class=\"panel-widget-style panel-widget-style-for-gb154-69e1ac9ad7460-0-1-0\" ><div\n\t\t\t\n\t\t\tclass=\"so-widget-sow-image so-widget-sow-image-default-113ccd71f3e6-154\"\n\t\t\t\n\t\t>\n<div class=\"sow-image-container\">\n\t\t<img \n\tsrc=\"https:\/\/www.achvb.fr\/wp-content\/uploads\/2023\/11\/Photo-2-200x300.jpg\" width=\"200\" height=\"300\" srcset=\"https:\/\/www.achvb.fr\/wp-content\/uploads\/2023\/11\/Photo-2-200x300.jpg 200w, https:\/\/www.achvb.fr\/wp-content\/uploads\/2023\/11\/Photo-2-683x1024.jpg 683w, https:\/\/www.achvb.fr\/wp-content\/uploads\/2023\/11\/Photo-2-768x1152.jpg 768w, https:\/\/www.achvb.fr\/wp-content\/uploads\/2023\/11\/Photo-2-1024x1536.jpg 1024w, https:\/\/www.achvb.fr\/wp-content\/uploads\/2023\/11\/Photo-2-1365x2048.jpg 1365w, https:\/\/www.achvb.fr\/wp-content\/uploads\/2023\/11\/Photo-2-scaled.jpg 1707w\" sizes=\"(max-width: 200px) 100vw, 200px\" title=\"Photo-2\" alt=\"\" \t\tclass=\"so-widget-image\"\/>\n\t<\/div>\n\n<\/div><\/div><\/div><div id=\"panel-gb154-69e1ac9ad7460-0-1-1\" class=\"so-panel widget widget_sow-editor panel-last-child\" data-index=\"1\" ><div\n\t\t\t\n\t\t\tclass=\"so-widget-sow-editor so-widget-sow-editor-base\"\n\t\t\t\n\t\t>\n<div class=\"siteorigin-widget-tinymce textwidget\">\n\t<p style=\"text-align: center;\">Aymeric PILARD<br \/>\n<em>Pr\u00e9sident<\/em><\/p>\n<\/div>\n<\/div><\/div><\/div><div id=\"pgc-gb154-69e1ac9ad7460-0-2\"  class=\"panel-grid-cell panel-grid-cell-empty\" ><\/div><\/div><div id=\"pg-gb154-69e1ac9ad7460-1\"  class=\"panel-grid panel-no-style\" ><div id=\"pgc-gb154-69e1ac9ad7460-1-0\"  class=\"panel-grid-cell panel-grid-cell-empty\" ><\/div><div id=\"pgc-gb154-69e1ac9ad7460-1-1\"  class=\"panel-grid-cell\" ><div id=\"panel-gb154-69e1ac9ad7460-1-1-0\" class=\"so-panel widget widget_sow-image panel-first-child\" data-index=\"2\" ><div\n\t\t\t\n\t\t\tclass=\"so-widget-sow-image so-widget-sow-image-default-c67d20f9f743-154\"\n\t\t\t\n\t\t>\n<div class=\"sow-image-container\">\n\t\t<img \n\tsrc=\"https:\/\/www.achvb.fr\/wp-content\/uploads\/2023\/11\/Photo-4-200x300.jpg\" width=\"200\" height=\"300\" srcset=\"https:\/\/www.achvb.fr\/wp-content\/uploads\/2023\/11\/Photo-4-200x300.jpg 200w, https:\/\/www.achvb.fr\/wp-content\/uploads\/2023\/11\/Photo-4-683x1024.jpg 683w, https:\/\/www.achvb.fr\/wp-content\/uploads\/2023\/11\/Photo-4-768x1152.jpg 768w, https:\/\/www.achvb.fr\/wp-content\/uploads\/2023\/11\/Photo-4-1024x1536.jpg 1024w, https:\/\/www.achvb.fr\/wp-content\/uploads\/2023\/11\/Photo-4-1365x2048.jpg 1365w, https:\/\/www.achvb.fr\/wp-content\/uploads\/2023\/11\/Photo-4-scaled.jpg 1707w\" sizes=\"(max-width: 200px) 100vw, 200px\" title=\"Photo-4\" alt=\"\" \t\tclass=\"so-widget-image\"\/>\n\t<\/div>\n\n<\/div><\/div><div id=\"panel-gb154-69e1ac9ad7460-1-1-1\" class=\"so-panel widget widget_sow-editor panel-last-child\" data-index=\"3\" ><div\n\t\t\t\n\t\t\tclass=\"so-widget-sow-editor so-widget-sow-editor-base\"\n\t\t\t\n\t\t>\n<div class=\"siteorigin-widget-tinymce textwidget\">\n\t<p style=\"text-align: center;\">Philippe MERTENS<br \/>\n<em>Tr\u00e9sorier<\/em><\/p>\n<\/div>\n<\/div><\/div><\/div><div id=\"pgc-gb154-69e1ac9ad7460-1-2\"  class=\"panel-grid-cell panel-grid-cell-empty\" ><\/div><div id=\"pgc-gb154-69e1ac9ad7460-1-3\"  class=\"panel-grid-cell panel-grid-cell-mobile-last\" ><div id=\"panel-gb154-69e1ac9ad7460-1-3-0\" class=\"so-panel widget widget_sow-image panel-first-child\" data-index=\"4\" ><div\n\t\t\t\n\t\t\tclass=\"so-widget-sow-image so-widget-sow-image-default-c67d20f9f743-154\"\n\t\t\t\n\t\t>\n<div class=\"sow-image-container\">\n\t\t<img \n\tsrc=\"https:\/\/www.achvb.fr\/wp-content\/uploads\/2022\/06\/cropped-21232038_1894100964250545_6021860110865189348_n-300x300.png\" width=\"300\" height=\"300\" srcset=\"https:\/\/www.achvb.fr\/wp-content\/uploads\/2022\/06\/cropped-21232038_1894100964250545_6021860110865189348_n-300x300.png 300w, https:\/\/www.achvb.fr\/wp-content\/uploads\/2022\/06\/cropped-21232038_1894100964250545_6021860110865189348_n-150x150.png 150w, https:\/\/www.achvb.fr\/wp-content\/uploads\/2022\/06\/cropped-21232038_1894100964250545_6021860110865189348_n-120x120.png 120w, https:\/\/www.achvb.fr\/wp-content\/uploads\/2022\/06\/cropped-21232038_1894100964250545_6021860110865189348_n-105x105.png 105w, https:\/\/www.achvb.fr\/wp-content\/uploads\/2022\/06\/cropped-21232038_1894100964250545_6021860110865189348_n-380x380.png 380w, https:\/\/www.achvb.fr\/wp-content\/uploads\/2022\/06\/cropped-21232038_1894100964250545_6021860110865189348_n-285x285.png 285w, https:\/\/www.achvb.fr\/wp-content\/uploads\/2022\/06\/cropped-21232038_1894100964250545_6021860110865189348_n-270x270.png 270w, https:\/\/www.achvb.fr\/wp-content\/uploads\/2022\/06\/cropped-21232038_1894100964250545_6021860110865189348_n-192x192.png 192w, https:\/\/www.achvb.fr\/wp-content\/uploads\/2022\/06\/cropped-21232038_1894100964250545_6021860110865189348_n-180x180.png 180w, https:\/\/www.achvb.fr\/wp-content\/uploads\/2022\/06\/cropped-21232038_1894100964250545_6021860110865189348_n-32x32.png 32w, https:\/\/www.achvb.fr\/wp-content\/uploads\/2022\/06\/cropped-21232038_1894100964250545_6021860110865189348_n.png 512w\" sizes=\"(max-width: 300px) 100vw, 300px\" title=\"cropped-21232038_1894100964250545_6021860110865189348_n.png\" alt=\"\" \t\tclass=\"so-widget-image\"\/>\n\t<\/div>\n\n<\/div><\/div><div id=\"panel-gb154-69e1ac9ad7460-1-3-1\" class=\"so-panel widget widget_sow-editor panel-last-child\" data-index=\"5\" ><div\n\t\t\t\n\t\t\tclass=\"so-widget-sow-editor so-widget-sow-editor-base\"\n\t\t\t\n\t\t>\n<div class=\"siteorigin-widget-tinymce textwidget\">\n\t<p style=\"text-align: center;\">Clara SMAGUE<br \/>\n<em>Secr\u00e9taire<\/em><\/p>\n<\/div>\n<\/div><\/div><\/div><div id=\"pgc-gb154-69e1ac9ad7460-1-4\"  class=\"panel-grid-cell panel-grid-cell-empty\" ><\/div><\/div><div id=\"pg-gb154-69e1ac9ad7460-2\"  class=\"panel-grid panel-no-style\" ><div id=\"pgc-gb154-69e1ac9ad7460-2-0\"  class=\"panel-grid-cell panel-grid-cell-empty\" ><\/div><div id=\"pgc-gb154-69e1ac9ad7460-2-1\"  class=\"panel-grid-cell panel-grid-cell-mobile-last\" ><div id=\"panel-gb154-69e1ac9ad7460-2-1-0\" class=\"so-panel widget widget_sow-image panel-first-child\" data-index=\"6\" ><div\n\t\t\t\n\t\t\tclass=\"so-widget-sow-image so-widget-sow-image-default-c67d20f9f743-154\"\n\t\t\t\n\t\t>\n<div class=\"sow-image-container\">\n\t\t<img \n\tsrc=\"https:\/\/www.achvb.fr\/wp-content\/uploads\/2023\/11\/Photo-1-200x300.jpg\" width=\"200\" height=\"300\" srcset=\"https:\/\/www.achvb.fr\/wp-content\/uploads\/2023\/11\/Photo-1-200x300.jpg 200w, https:\/\/www.achvb.fr\/wp-content\/uploads\/2023\/11\/Photo-1-683x1024.jpg 683w, https:\/\/www.achvb.fr\/wp-content\/uploads\/2023\/11\/Photo-1-768x1152.jpg 768w, https:\/\/www.achvb.fr\/wp-content\/uploads\/2023\/11\/Photo-1-1024x1536.jpg 1024w, https:\/\/www.achvb.fr\/wp-content\/uploads\/2023\/11\/Photo-1-1365x2048.jpg 1365w, https:\/\/www.achvb.fr\/wp-content\/uploads\/2023\/11\/Photo-1-scaled.jpg 1707w\" sizes=\"(max-width: 200px) 100vw, 200px\" title=\"Photo-1\" alt=\"\" \t\tclass=\"so-widget-image\"\/>\n\t<\/div>\n\n<\/div><\/div><div id=\"panel-gb154-69e1ac9ad7460-2-1-1\" class=\"so-panel widget widget_sow-editor panel-last-child\" data-index=\"7\" ><div\n\t\t\t\n\t\t\tclass=\"so-widget-sow-editor so-widget-sow-editor-base\"\n\t\t\t\n\t\t>\n<div class=\"siteorigin-widget-tinymce textwidget\">\n\t<p style=\"text-align: center;\">Simon DUVIVIER<br \/>\n<em>Pole Communication<\/em><\/p>\n<\/div>\n<\/div><\/div><\/div><div id=\"pgc-gb154-69e1ac9ad7460-2-2\"  class=\"panel-grid-cell panel-grid-cell-empty\" ><\/div><\/div><div id=\"pg-gb154-69e1ac9ad7460-3\"  class=\"panel-grid panel-no-style\" ><div id=\"pgc-gb154-69e1ac9ad7460-3-0\"  class=\"panel-grid-cell\" ><div id=\"panel-gb154-69e1ac9ad7460-3-0-0\" class=\"so-panel widget widget_sow-image panel-first-child\" data-index=\"8\" ><div\n\t\t\t\n\t\t\tclass=\"so-widget-sow-image so-widget-sow-image-default-c67d20f9f743-154\"\n\t\t\t\n\t\t>\n<div class=\"sow-image-container\">\n\t\t<img \n\tsrc=\"https:\/\/www.achvb.fr\/wp-content\/uploads\/2023\/11\/Photo-9-200x300.jpg\" width=\"200\" height=\"300\" srcset=\"https:\/\/www.achvb.fr\/wp-content\/uploads\/2023\/11\/Photo-9-200x300.jpg 200w, https:\/\/www.achvb.fr\/wp-content\/uploads\/2023\/11\/Photo-9-683x1024.jpg 683w, https:\/\/www.achvb.fr\/wp-content\/uploads\/2023\/11\/Photo-9-768x1152.jpg 768w, https:\/\/www.achvb.fr\/wp-content\/uploads\/2023\/11\/Photo-9-1024x1536.jpg 1024w, https:\/\/www.achvb.fr\/wp-content\/uploads\/2023\/11\/Photo-9-1365x2048.jpg 1365w, https:\/\/www.achvb.fr\/wp-content\/uploads\/2023\/11\/Photo-9-scaled.jpg 1707w\" sizes=\"(max-width: 200px) 100vw, 200px\" title=\"Photo-9\" alt=\"\" \t\tclass=\"so-widget-image\"\/>\n\t<\/div>\n\n<\/div><\/div><div id=\"panel-gb154-69e1ac9ad7460-3-0-1\" class=\"so-panel widget widget_sow-editor panel-last-child\" data-index=\"9\" ><div\n\t\t\t\n\t\t\tclass=\"so-widget-sow-editor so-widget-sow-editor-base\"\n\t\t\t\n\t\t>\n<div class=\"siteorigin-widget-tinymce textwidget\">\n\t<p style=\"text-align: center;\">Vincent DUVIVIER<br \/>\n<em>Pole Ev\u00e8nementiel<\/em><\/p>\n<\/div>\n<\/div><\/div><\/div><div id=\"pgc-gb154-69e1ac9ad7460-3-1\"  class=\"panel-grid-cell\" ><div id=\"panel-gb154-69e1ac9ad7460-3-1-0\" class=\"so-panel widget widget_sow-image panel-first-child\" data-index=\"10\" ><div\n\t\t\t\n\t\t\tclass=\"so-widget-sow-image so-widget-sow-image-default-c67d20f9f743-154\"\n\t\t\t\n\t\t>\n<div class=\"sow-image-container\">\n\t\t<img \n\tsrc=\"https:\/\/www.achvb.fr\/wp-content\/uploads\/2023\/11\/Photo-5-200x300.jpg\" width=\"200\" height=\"300\" srcset=\"https:\/\/www.achvb.fr\/wp-content\/uploads\/2023\/11\/Photo-5-200x300.jpg 200w, https:\/\/www.achvb.fr\/wp-content\/uploads\/2023\/11\/Photo-5-683x1024.jpg 683w, https:\/\/www.achvb.fr\/wp-content\/uploads\/2023\/11\/Photo-5-768x1152.jpg 768w, https:\/\/www.achvb.fr\/wp-content\/uploads\/2023\/11\/Photo-5-1024x1536.jpg 1024w, https:\/\/www.achvb.fr\/wp-content\/uploads\/2023\/11\/Photo-5-1365x2048.jpg 1365w, https:\/\/www.achvb.fr\/wp-content\/uploads\/2023\/11\/Photo-5-scaled.jpg 1707w\" sizes=\"(max-width: 200px) 100vw, 200px\" title=\"Photo-5\" alt=\"\" \t\tclass=\"so-widget-image\"\/>\n\t<\/div>\n\n<\/div><\/div><div id=\"panel-gb154-69e1ac9ad7460-3-1-1\" class=\"so-panel widget widget_sow-editor panel-last-child\" data-index=\"11\" ><div\n\t\t\t\n\t\t\tclass=\"so-widget-sow-editor so-widget-sow-editor-base\"\n\t\t\t\n\t\t>\n<div class=\"siteorigin-widget-tinymce textwidget\">\n\t<p style=\"text-align: center;\">Alexis LARGY<br \/>\n<em>Pole Ev\u00e8nementiel<\/em><\/p>\n<p>&nbsp;<\/p>\n<\/div>\n<\/div><\/div><\/div><div id=\"pgc-gb154-69e1ac9ad7460-3-2\"  class=\"panel-grid-cell\" ><div id=\"panel-gb154-69e1ac9ad7460-3-2-0\" class=\"so-panel widget widget_sow-image panel-first-child\" data-index=\"12\" ><div\n\t\t\t\n\t\t\tclass=\"so-widget-sow-image so-widget-sow-image-default-c67d20f9f743-154\"\n\t\t\t\n\t\t>\n<div class=\"sow-image-container\">\n\t\t<img \n\tsrc=\"https:\/\/www.achvb.fr\/wp-content\/uploads\/2023\/11\/Photo-6-200x300.jpg\" width=\"200\" height=\"300\" srcset=\"https:\/\/www.achvb.fr\/wp-content\/uploads\/2023\/11\/Photo-6-200x300.jpg 200w, https:\/\/www.achvb.fr\/wp-content\/uploads\/2023\/11\/Photo-6-683x1024.jpg 683w, https:\/\/www.achvb.fr\/wp-content\/uploads\/2023\/11\/Photo-6-768x1152.jpg 768w, https:\/\/www.achvb.fr\/wp-content\/uploads\/2023\/11\/Photo-6-1024x1536.jpg 1024w, https:\/\/www.achvb.fr\/wp-content\/uploads\/2023\/11\/Photo-6-1365x2048.jpg 1365w, https:\/\/www.achvb.fr\/wp-content\/uploads\/2023\/11\/Photo-6-scaled.jpg 1707w\" sizes=\"(max-width: 200px) 100vw, 200px\" title=\"Photo-6\" alt=\"\" \t\tclass=\"so-widget-image\"\/>\n\t<\/div>\n\n<\/div><\/div><div id=\"panel-gb154-69e1ac9ad7460-3-2-1\" class=\"so-panel widget widget_sow-editor panel-last-child\" data-index=\"13\" ><div\n\t\t\t\n\t\t\tclass=\"so-widget-sow-editor so-widget-sow-editor-base\"\n\t\t\t\n\t\t>\n<div class=\"siteorigin-widget-tinymce textwidget\">\n\t<p style=\"text-align: center;\">Sylvain MERTENS<br \/>\n<em>Pole Ev\u00e8nementiel<\/em><\/p>\n<\/div>\n<\/div><\/div><\/div><\/div><\/div>","protected":false},"excerpt":{"rendered":"<p>Aymeric PILARD Pr\u00e9sident Philippe MERTENS Tr\u00e9sorier Clara SMAGUE Secr\u00e9taire<\/p>\n","protected":false},"author":4,"featured_media":0,"parent":63,"menu_order":0,"comment_status":"closed","ping_status":"closed","template":"","meta":{"footnotes":""},"class_list":["post-154","page","type-page","status-publish","hentry"],"_links":{"self":[{"href":"https:\/\/www.achvb.fr\/index.php?rest_route=\/wp\/v2\/pages\/154","targetHints":{"allow":["GET"]}}],"collection":[{"href":"https:\/\/www.achvb.fr\/index.php?rest_route=\/wp\/v2\/pages"}],"about":[{"href":"https:\/\/www.achvb.fr\/index.php?rest_route=\/wp\/v2\/types\/page"}],"author":[{"embeddable":true,"href":"https:\/\/www.achvb.fr\/index.php?rest_route=\/wp\/v2\/users\/4"}],"replies":[{"embeddable":true,"href":"https:\/\/www.achvb.fr\/index.php?rest_route=%2Fwp%2Fv2%2Fcomments&post=154"}],"version-history":[{"count":10,"href":"https:\/\/www.achvb.fr\/index.php?rest_route=\/wp\/v2\/pages\/154\/revisions"}],"predecessor-version":[{"id":738,"href":"https:\/\/www.achvb.fr\/index.php?rest_route=\/wp\/v2\/pages\/154\/revisions\/738"}],"up":[{"embeddable":true,"href":"https:\/\/www.achvb.fr\/index.php?rest_route=\/wp\/v2\/pages\/63"}],"wp:attachment":[{"href":"https:\/\/www.achvb.fr\/index.php?rest_route=%2Fwp%2Fv2%2Fmedia&parent=154"}],"curies":[{"name":"wp","href":"https:\/\/api.w.org\/{rel}","templated":true}]}}