{"id":158,"date":"2022-07-19T17:00:21","date_gmt":"2022-07-19T17:00:21","guid":{"rendered":"https:\/\/test.achvb.fr\/?page_id=158"},"modified":"2022-09-07T13:27:16","modified_gmt":"2022-09-07T11:27:16","slug":"nos-evenements","status":"publish","type":"page","link":"https:\/\/www.achvb.fr\/?page_id=158","title":{"rendered":"Nos Ev\u00e8nements"},"content":{"rendered":"<div id=\"pl-gb158-69e1b12ec2c41\"  class=\"panel-layout\" ><div id=\"pg-gb158-69e1b12ec2c41-0\"  class=\"panel-grid panel-no-style\" ><div id=\"pgc-gb158-69e1b12ec2c41-0-0\"  class=\"panel-grid-cell panel-grid-cell-empty\" ><\/div><\/div><div id=\"pg-gb158-69e1b12ec2c41-1\"  class=\"panel-grid panel-no-style\" ><div id=\"pgc-gb158-69e1b12ec2c41-1-0\"  class=\"panel-grid-cell\" ><div id=\"panel-gb158-69e1b12ec2c41-1-0-0\" class=\"so-panel widget widget_sow-editor panel-first-child panel-last-child\" data-index=\"0\" ><div\n\t\t\t\n\t\t\tclass=\"so-widget-sow-editor so-widget-sow-editor-base\"\n\t\t\t\n\t\t><h3 class=\"widget-title\">Les tournois de volley<\/h3>\n<div class=\"siteorigin-widget-tinymce textwidget\">\n\t<p>Chaque ann\u00e9e le club organise de multiples tournoi \u00e0 la salle Delannoy. Les objectifs restent toujours les m\u00eames: fun et sport:<\/p>\n<p>+ Tournoi de Noel<br \/>\n+ Tournoi Caritatif (don au plus d\u00e9muni)<br \/>\n+ Tournoi de fin d&rsquo;ann\u00e9e<\/p>\n<\/div>\n<\/div><\/div><\/div><div id=\"pgc-gb158-69e1b12ec2c41-1-1\"  class=\"panel-grid-cell\" ><div id=\"panel-gb158-69e1b12ec2c41-1-1-0\" class=\"so-panel widget widget_sow-image panel-first-child panel-last-child\" data-index=\"1\" ><div\n\t\t\t\n\t\t\tclass=\"so-widget-sow-image so-widget-sow-image-default-8b5b6f678277-158\"\n\t\t\t\n\t\t><\/div><\/div><\/div><\/div><div id=\"pg-gb158-69e1b12ec2c41-2\"  class=\"panel-grid panel-no-style\" ><div id=\"pgc-gb158-69e1b12ec2c41-2-0\"  class=\"panel-grid-cell\" ><div id=\"panel-gb158-69e1b12ec2c41-2-0-0\" class=\"so-panel widget widget_sow-editor panel-first-child panel-last-child\" data-index=\"2\" ><div\n\t\t\t\n\t\t\tclass=\"so-widget-sow-editor so-widget-sow-editor-base\"\n\t\t\t\n\t\t><h3 class=\"widget-title\">La soir\u00e9e du Club<\/h3>\n<div class=\"siteorigin-widget-tinymce textwidget\">\n\t<p>Chaque ann\u00e9e, entre f\u00e9vrier et mars, l&rsquo;association organise sa traditionnelle soir\u00e9e du club. Ouvert aux membres et amis de l&rsquo;ACHVB et autour d&rsquo;un bon repas dansant et d&rsquo;un th\u00e8me sympa, l&rsquo;objectif\u00a0 est de profiter d&rsquo;un moment convivial pour se retrouver tous ensemble.<\/p>\n<p>Au programme:<br \/>\n+ Repas<br \/>\n+ Danse<br \/>\n+ Tombola<br \/>\n+ D\u00e9guisement<br \/>\n+ Photo booth<\/p>\n<\/div>\n<\/div><\/div><\/div><div id=\"pgc-gb158-69e1b12ec2c41-2-1\"  class=\"panel-grid-cell\" ><div id=\"panel-gb158-69e1b12ec2c41-2-1-0\" class=\"so-panel widget widget_sow-image panel-first-child panel-last-child\" data-index=\"3\" ><div\n\t\t\t\n\t\t\tclass=\"so-widget-sow-image so-widget-sow-image-default-8b5b6f678277-158\"\n\t\t\t\n\t\t><\/div><\/div><\/div><\/div><div id=\"pg-gb158-69e1b12ec2c41-3\"  class=\"panel-grid panel-no-style\" ><div id=\"pgc-gb158-69e1b12ec2c41-3-0\"  class=\"panel-grid-cell\" ><div id=\"panel-gb158-69e1b12ec2c41-3-0-0\" class=\"so-panel widget widget_sow-editor panel-first-child panel-last-child\" data-index=\"4\" ><div\n\t\t\t\n\t\t\tclass=\"so-widget-sow-editor so-widget-sow-editor-base\"\n\t\t\t\n\t\t><h3 class=\"widget-title\">Journ\u00e9e Portes Ouvertes<\/h3>\n<div class=\"siteorigin-widget-tinymce textwidget\">\n\t<p>Chaque ann\u00e9e, \u00e0 la rentr\u00e9e, le club organise son apr\u00e8s-midi Portes Ouvertes afin de faire d\u00e9couvrir le volley \u00e0 tous.<\/p>\n<\/div>\n<\/div><\/div><\/div><div id=\"pgc-gb158-69e1b12ec2c41-3-1\"  class=\"panel-grid-cell\" ><div id=\"panel-gb158-69e1b12ec2c41-3-1-0\" class=\"so-panel widget widget_sow-image panel-first-child panel-last-child\" data-index=\"5\" ><div\n\t\t\t\n\t\t\tclass=\"so-widget-sow-image so-widget-sow-image-default-8b5b6f678277-158\"\n\t\t\t\n\t\t><\/div><\/div><\/div><\/div><div id=\"pg-gb158-69e1b12ec2c41-4\"  class=\"panel-grid panel-no-style\" ><div id=\"pgc-gb158-69e1b12ec2c41-4-0\"  class=\"panel-grid-cell\" ><div id=\"panel-gb158-69e1b12ec2c41-4-0-0\" class=\"so-panel widget widget_sow-editor panel-first-child panel-last-child\" data-index=\"6\" ><div\n\t\t\t\n\t\t\tclass=\"so-widget-sow-editor so-widget-sow-editor-base\"\n\t\t\t\n\t\t><h3 class=\"widget-title\">L&rsquo;assembl\u00e9e G\u00e9n\u00e9rale<\/h3>\n<div class=\"siteorigin-widget-tinymce textwidget\">\n\t<p>En fin de saison, arrive le moment de l&rsquo;assembl\u00e9e g\u00e9n\u00e9rale. Moment privil\u00e9gi\u00e9 pour les \u00e9changes, le retour sur la saison et l&rsquo;avenir, il est ouvert \u00e0 l&rsquo;ensemble des membres de l&rsquo;Amicale.<\/p>\n<\/div>\n<\/div><\/div><\/div><div id=\"pgc-gb158-69e1b12ec2c41-4-1\"  class=\"panel-grid-cell\" ><div id=\"panel-gb158-69e1b12ec2c41-4-1-0\" class=\"so-panel widget widget_sow-image panel-first-child panel-last-child\" data-index=\"7\" ><div\n\t\t\t\n\t\t\tclass=\"so-widget-sow-image so-widget-sow-image-default-8b5b6f678277-158\"\n\t\t\t\n\t\t><\/div><\/div><\/div><\/div><\/div>","protected":false},"excerpt":{"rendered":"<p>Chaque ann\u00e9e le club organise de multiples tournoi \u00e0 la salle Delannoy. Les objectifs restent toujours les m\u00eames: fun et sport: + Tournoi de Noel + Tournoi Caritatif (don au plus d\u00e9muni) + Tournoi de fin d&rsquo;ann\u00e9e<\/p>\n","protected":false},"author":4,"featured_media":0,"parent":63,"menu_order":0,"comment_status":"closed","ping_status":"closed","template":"","meta":{"footnotes":""},"class_list":["post-158","page","type-page","status-publish","hentry"],"_links":{"self":[{"href":"https:\/\/www.achvb.fr\/index.php?rest_route=\/wp\/v2\/pages\/158","targetHints":{"allow":["GET"]}}],"collection":[{"href":"https:\/\/www.achvb.fr\/index.php?rest_route=\/wp\/v2\/pages"}],"about":[{"href":"https:\/\/www.achvb.fr\/index.php?rest_route=\/wp\/v2\/types\/page"}],"author":[{"embeddable":true,"href":"https:\/\/www.achvb.fr\/index.php?rest_route=\/wp\/v2\/users\/4"}],"replies":[{"embeddable":true,"href":"https:\/\/www.achvb.fr\/index.php?rest_route=%2Fwp%2Fv2%2Fcomments&post=158"}],"version-history":[{"count":3,"href":"https:\/\/www.achvb.fr\/index.php?rest_route=\/wp\/v2\/pages\/158\/revisions"}],"predecessor-version":[{"id":490,"href":"https:\/\/www.achvb.fr\/index.php?rest_route=\/wp\/v2\/pages\/158\/revisions\/490"}],"up":[{"embeddable":true,"href":"https:\/\/www.achvb.fr\/index.php?rest_route=\/wp\/v2\/pages\/63"}],"wp:attachment":[{"href":"https:\/\/www.achvb.fr\/index.php?rest_route=%2Fwp%2Fv2%2Fmedia&parent=158"}],"curies":[{"name":"wp","href":"https:\/\/api.w.org\/{rel}","templated":true}]}}