{"id":160,"date":"2022-07-19T17:00:43","date_gmt":"2022-07-19T17:00:43","guid":{"rendered":"https:\/\/test.achvb.fr\/?page_id=160"},"modified":"2025-08-15T20:23:35","modified_gmt":"2025-08-15T18:23:35","slug":"documents","status":"publish","type":"page","link":"https:\/\/www.achvb.fr\/?page_id=160","title":{"rendered":"Documents"},"content":{"rendered":"<div id=\"pl-gb160-69e3080b779b0\"  class=\"panel-layout wp-block-siteorigin-panels-layout-block panel-layout\" ><div id=\"pg-gb160-69e3080b779b0-0\"  class=\"panel-grid panel-no-style\" ><div id=\"pgc-gb160-69e3080b779b0-0-0\"  class=\"panel-grid-cell panel-grid-cell-empty\" ><\/div><div id=\"pgc-gb160-69e3080b779b0-0-1\"  class=\"panel-grid-cell panel-grid-cell-mobile-last\" ><div id=\"panel-gb160-69e3080b779b0-0-1-0\" class=\"so-panel widget widget_sow-editor panel-first-child panel-last-child\" data-index=\"0\" ><div\n\t\t\t\n\t\t\tclass=\"so-widget-sow-editor so-widget-sow-editor-base\"\n\t\t\t\n\t\t><h3 class=\"widget-title\">Documents d&rsquo;inscripion<\/h3>\n<div class=\"siteorigin-widget-tinymce textwidget\">\n\t<p>Uniquement en ligne<\/p>\n<p>&nbsp;<\/p>\n<\/div>\n<\/div><\/div><\/div><div id=\"pgc-gb160-69e3080b779b0-0-2\"  class=\"panel-grid-cell panel-grid-cell-empty\" ><\/div><\/div><div id=\"pg-gb160-69e3080b779b0-1\"  class=\"panel-grid panel-no-style\" ><div id=\"pgc-gb160-69e3080b779b0-1-0\"  class=\"panel-grid-cell\" ><div id=\"panel-gb160-69e3080b779b0-1-0-0\" class=\"so-panel widget widget_sow-editor panel-first-child panel-last-child\" data-index=\"1\" ><div\n\t\t\t\n\t\t\tclass=\"so-widget-sow-editor so-widget-sow-editor-base\"\n\t\t\t\n\t\t><h3 class=\"widget-title\">Assembl\u00e9e G\u00e9n\u00e9rale<\/h3>\n<div class=\"siteorigin-widget-tinymce textwidget\">\n\t<ul>\n<li><a href=\"https:\/\/www.achvb.fr\/wp-content\/uploads\/2025\/08\/PV-AG.pdf\">AG 2024-2025<\/a><\/li>\n<li><a href=\"https:\/\/www.achvb.fr\/wp-content\/uploads\/2024\/07\/Assemblee-Generale-2023-2024.pdf\" target=\"_blank\" rel=\"noopener\">AG 2023-2024<\/a> (<a href=\"https:\/\/www.achvb.fr\/wp-content\/uploads\/2024\/07\/CONVOCATION-2023-2024.pdf\" target=\"_blank\" rel=\"noopener\">Convocation<\/a>)<\/li>\n<li><a href=\"https:\/\/www.achvb.fr\/wp-content\/uploads\/2023\/11\/AG20222023a.pdf\">AG 2022-2023<\/a> (<a href=\"https:\/\/www.achvb.fr\/wp-content\/uploads\/2023\/08\/convocation.pdf\" target=\"_blank\" rel=\"noopener\">Convocation<\/a>)<\/li>\n<li><a href=\"https:\/\/test.achvb.fr\/wp-content\/uploads\/2022\/07\/Assemble\u0301e-Ge\u0301ne\u0301rale-2021-2022-1.pdf\" target=\"_blank\" rel=\"noopener\">AG 2021-2022\u00a0<\/a> (<a href=\"https:\/\/test.achvb.fr\/wp-content\/uploads\/2022\/07\/Convocation-Assemble\u0301e-Ge\u0301ne\u0301rale-2021-2022.pdf\" target=\"_blank\" rel=\"noopener\">Convocation<\/a>)<\/li>\n<\/ul>\n<\/div>\n<\/div><\/div><\/div><div id=\"pgc-gb160-69e3080b779b0-1-1\"  class=\"panel-grid-cell\" ><div id=\"panel-gb160-69e3080b779b0-1-1-0\" class=\"so-panel widget widget_sow-editor panel-first-child panel-last-child\" data-index=\"2\" ><div\n\t\t\t\n\t\t\tclass=\"so-widget-sow-editor so-widget-sow-editor-base\"\n\t\t\t\n\t\t><h3 class=\"widget-title\">R\u00e9glement Int\u00e9rieur<\/h3>\n<div class=\"siteorigin-widget-tinymce textwidget\">\n\t<p>&#8211; <a href=\"https:\/\/test.achvb.fr\/wp-content\/uploads\/2022\/08\/ACFrOgCV3-rob5ipGKBC6lweGCmuEsMKYUDli9hS6KNbOGtU-iZeXyZdAfklJ7jiKubxQHnDhAjxwc2M-AvHqrW2RU7012RtDWfd_RxPLHCDtPDH0vHHPKCnGvyBTN-fGWcNDoEX50XdsJ3TDRQl.pdf\" target=\"_blank\" rel=\"noopener\">RI 2022 (actuel)<\/a><\/p>\n<p>&#8211; <a href=\"https:\/\/test.achvb.fr\/wp-content\/uploads\/2022\/07\/ri-achvb-2013.pdf\" target=\"_blank\" rel=\"noopener\">RI 2013<\/a><\/p>\n<\/div>\n<\/div><\/div><\/div><\/div><div id=\"pg-gb160-69e3080b779b0-2\"  class=\"panel-grid panel-no-style\" ><div id=\"pgc-gb160-69e3080b779b0-2-0\"  class=\"panel-grid-cell\" ><div id=\"panel-gb160-69e3080b779b0-2-0-0\" class=\"so-panel widget widget_sow-editor panel-first-child panel-last-child\" data-index=\"3\" ><div\n\t\t\t\n\t\t\tclass=\"so-widget-sow-editor so-widget-sow-editor-base\"\n\t\t\t\n\t\t><h3 class=\"widget-title\">Statuts<\/h3>\n<div class=\"siteorigin-widget-tinymce textwidget\">\n\t<ul>\n<li><a href=\"https:\/\/www.achvb.fr\/wp-content\/uploads\/2025\/08\/Statuts_ACHVB_280625_ns.pdf\">Statut 2024 (actif)<\/a><\/li>\n<li><a href=\"https:\/\/test.achvb.fr\/wp-content\/uploads\/2022\/07\/ACH18-STATUTS-comp-2.pdf\" target=\"_blank\" rel=\"noopener\">Statut 2018<\/a><\/li>\n<\/ul>\n<\/div>\n<\/div><\/div><\/div><div id=\"pgc-gb160-69e3080b779b0-2-1\"  class=\"panel-grid-cell\" ><div id=\"panel-gb160-69e3080b779b0-2-1-0\" class=\"so-panel widget widget_sow-editor panel-first-child panel-last-child\" data-index=\"4\" ><div\n\t\t\t\n\t\t\tclass=\"so-widget-sow-editor so-widget-sow-editor-base\"\n\t\t\t\n\t\t><h3 class=\"widget-title\">Projet du Club<\/h3>\n<div class=\"siteorigin-widget-tinymce textwidget\">\n\t<p>&#8211; <a href=\"https:\/\/test.achvb.fr\/wp-content\/uploads\/2022\/07\/Projet-de-club-Amicale-centre-Hellemmes-Volley-ball-V3.pdf\" target=\"_blank\" rel=\"noopener\">Projet 2020 &#8211; 2023<\/a><\/p>\n<\/div>\n<\/div><\/div><\/div><\/div><div id=\"pg-gb160-69e3080b779b0-3\"  class=\"panel-grid panel-no-style\" ><div id=\"pgc-gb160-69e3080b779b0-3-0\"  class=\"panel-grid-cell panel-grid-cell-empty\" ><\/div><div id=\"pgc-gb160-69e3080b779b0-3-1\"  class=\"panel-grid-cell panel-grid-cell-mobile-last\" ><div id=\"panel-gb160-69e3080b779b0-3-1-0\" class=\"so-panel widget widget_sow-editor panel-first-child panel-last-child\" data-index=\"5\" ><div\n\t\t\t\n\t\t\tclass=\"so-widget-sow-editor so-widget-sow-editor-base\"\n\t\t\t\n\t\t><h3 class=\"widget-title\">Newsletters<\/h3>\n<div class=\"siteorigin-widget-tinymce textwidget\">\n\t<p>-Newsletter n\u00b01 (Novembre 2023) :\u00a0<a href=\"https:\/\/www.achvb.fr\/wp-content\/uploads\/2023\/11\/Le-Mag-ACHVB-01-Digital.pdf\">Le Mag ACHVB &#8211; 01 &#8211; Digital<\/a><br \/>\n-Newsletter n\u00b02 (Mars 2023) :\u00a0<a href=\"https:\/\/www.achvb.fr\/wp-content\/uploads\/2024\/03\/Le-Mag-ACHVB-02.pdf\">Le Mag ACHVB &#8211; 02 &#8211; Digital<\/a><\/p>\n<\/div>\n<\/div><\/div><\/div><div id=\"pgc-gb160-69e3080b779b0-3-2\"  class=\"panel-grid-cell panel-grid-cell-empty\" ><\/div><\/div><\/div>\n\n\n<p><\/p>\n","protected":false},"excerpt":{"rendered":"<p>Uniquement en ligne &nbsp; AG 2024-2025 AG 2023-2024 (Convocation) AG 2022-2023 (Convocation) AG 2021-2022\u00a0 (Convocation) &#8211; RI 2022 (actuel) &#8211; RI 2013<\/p>\n","protected":false},"author":4,"featured_media":0,"parent":0,"menu_order":0,"comment_status":"closed","ping_status":"closed","template":"","meta":{"footnotes":""},"class_list":["post-160","page","type-page","status-publish","hentry"],"_links":{"self":[{"href":"https:\/\/www.achvb.fr\/index.php?rest_route=\/wp\/v2\/pages\/160","targetHints":{"allow":["GET"]}}],"collection":[{"href":"https:\/\/www.achvb.fr\/index.php?rest_route=\/wp\/v2\/pages"}],"about":[{"href":"https:\/\/www.achvb.fr\/index.php?rest_route=\/wp\/v2\/types\/page"}],"author":[{"embeddable":true,"href":"https:\/\/www.achvb.fr\/index.php?rest_route=\/wp\/v2\/users\/4"}],"replies":[{"embeddable":true,"href":"https:\/\/www.achvb.fr\/index.php?rest_route=%2Fwp%2Fv2%2Fcomments&post=160"}],"version-history":[{"count":30,"href":"https:\/\/www.achvb.fr\/index.php?rest_route=\/wp\/v2\/pages\/160\/revisions"}],"predecessor-version":[{"id":818,"href":"https:\/\/www.achvb.fr\/index.php?rest_route=\/wp\/v2\/pages\/160\/revisions\/818"}],"wp:attachment":[{"href":"https:\/\/www.achvb.fr\/index.php?rest_route=%2Fwp%2Fv2%2Fmedia&parent=160"}],"curies":[{"name":"wp","href":"https:\/\/api.w.org\/{rel}","templated":true}]}}