{"id":425,"date":"2022-07-26T09:44:19","date_gmt":"2022-07-26T09:44:19","guid":{"rendered":"https:\/\/test.achvb.fr\/?page_id=425"},"modified":"2022-09-07T13:27:16","modified_gmt":"2022-09-07T11:27:16","slug":"volley-adapte","status":"publish","type":"page","link":"https:\/\/www.achvb.fr\/?page_id=425","title":{"rendered":"Volley Adapt\u00e9"},"content":{"rendered":"<div id=\"pl-gb425-69d526569493b\"  class=\"panel-layout\" ><div id=\"pg-gb425-69d526569493b-0\"  class=\"panel-grid panel-no-style\" ><div id=\"pgc-gb425-69d526569493b-0-0\"  class=\"panel-grid-cell\" ><div id=\"panel-gb425-69d526569493b-0-0-0\" class=\"so-panel widget widget_sow-editor panel-first-child panel-last-child\" data-index=\"0\" ><div\n\t\t\t\n\t\t\tclass=\"so-widget-sow-editor so-widget-sow-editor-base\"\n\t\t\t\n\t\t>\n<div class=\"siteorigin-widget-tinymce textwidget\">\n\t<p>Section en cours d&rsquo;\u00e9tude pour l&rsquo;avenir afin d&rsquo;ouvrir le volley pour Tous.<\/p>\n<p>Des sessions d&rsquo;initiation au volley assis et volley\u00a0 adapt\u00e9 seront propos\u00e9es sur l&rsquo;ann\u00e9e<\/p>\n<\/div>\n<\/div><\/div><\/div><\/div><div id=\"pg-gb425-69d526569493b-1\"  class=\"panel-grid panel-no-style\" ><div id=\"pgc-gb425-69d526569493b-1-0\"  class=\"panel-grid-cell\" ><div id=\"panel-gb425-69d526569493b-1-0-0\" class=\"so-panel widget widget_sow-image panel-first-child panel-last-child\" data-index=\"1\" ><div\n\t\t\t\n\t\t\tclass=\"so-widget-sow-image so-widget-sow-image-default-334eeca80698-425\"\n\t\t\t\n\t\t>\n<div class=\"sow-image-container\">\n\t\t<img \n\tsrc=\"https:\/\/www.achvb.fr\/wp-content\/uploads\/2022\/07\/279039593_991034611548484_2106951103265431430_n-scaled.jpg\" width=\"2560\" height=\"1152\" srcset=\"https:\/\/www.achvb.fr\/wp-content\/uploads\/2022\/07\/279039593_991034611548484_2106951103265431430_n-scaled.jpg 2560w, https:\/\/www.achvb.fr\/wp-content\/uploads\/2022\/07\/279039593_991034611548484_2106951103265431430_n-300x135.jpg 300w, https:\/\/www.achvb.fr\/wp-content\/uploads\/2022\/07\/279039593_991034611548484_2106951103265431430_n-1024x461.jpg 1024w, https:\/\/www.achvb.fr\/wp-content\/uploads\/2022\/07\/279039593_991034611548484_2106951103265431430_n-768x346.jpg 768w, https:\/\/www.achvb.fr\/wp-content\/uploads\/2022\/07\/279039593_991034611548484_2106951103265431430_n-1536x691.jpg 1536w, https:\/\/www.achvb.fr\/wp-content\/uploads\/2022\/07\/279039593_991034611548484_2106951103265431430_n-2048x922.jpg 2048w\" sizes=\"(max-width: 2560px) 100vw, 2560px\" title=\"279039593_991034611548484_2106951103265431430_n\" alt=\"\" \t\tclass=\"so-widget-image\"\/>\n\t<\/div>\n\n<\/div><\/div><\/div><div id=\"pgc-gb425-69d526569493b-1-1\"  class=\"panel-grid-cell\" ><div id=\"panel-gb425-69d526569493b-1-1-0\" class=\"so-panel widget widget_sow-image panel-first-child panel-last-child\" data-index=\"2\" ><div\n\t\t\t\n\t\t\tclass=\"so-widget-sow-image so-widget-sow-image-default-334eeca80698-425\"\n\t\t\t\n\t\t>\n<div class=\"sow-image-container\">\n\t\t<img \n\tsrc=\"https:\/\/www.achvb.fr\/wp-content\/uploads\/2022\/07\/278997912_687754859219138_4662321092419696945_n-scaled.jpg\" width=\"2560\" height=\"1152\" srcset=\"https:\/\/www.achvb.fr\/wp-content\/uploads\/2022\/07\/278997912_687754859219138_4662321092419696945_n-scaled.jpg 2560w, https:\/\/www.achvb.fr\/wp-content\/uploads\/2022\/07\/278997912_687754859219138_4662321092419696945_n-300x135.jpg 300w, https:\/\/www.achvb.fr\/wp-content\/uploads\/2022\/07\/278997912_687754859219138_4662321092419696945_n-1024x461.jpg 1024w, https:\/\/www.achvb.fr\/wp-content\/uploads\/2022\/07\/278997912_687754859219138_4662321092419696945_n-768x346.jpg 768w, https:\/\/www.achvb.fr\/wp-content\/uploads\/2022\/07\/278997912_687754859219138_4662321092419696945_n-1536x691.jpg 1536w, https:\/\/www.achvb.fr\/wp-content\/uploads\/2022\/07\/278997912_687754859219138_4662321092419696945_n-2048x922.jpg 2048w\" sizes=\"(max-width: 2560px) 100vw, 2560px\" title=\"278997912_687754859219138_4662321092419696945_n\" alt=\"\" \t\tclass=\"so-widget-image\"\/>\n\t<\/div>\n\n<\/div><\/div><\/div><\/div><\/div>","protected":false},"excerpt":{"rendered":"<p>Section en cours d&rsquo;\u00e9tude pour l&rsquo;avenir afin d&rsquo;ouvrir le volley pour Tous. Des sessions d&rsquo;initiation au volley assis et volley\u00a0 adapt\u00e9 seront propos\u00e9es sur l&rsquo;ann\u00e9e<\/p>\n","protected":false},"author":4,"featured_media":0,"parent":60,"menu_order":0,"comment_status":"closed","ping_status":"closed","template":"","meta":{"footnotes":""},"class_list":["post-425","page","type-page","status-publish","hentry"],"_links":{"self":[{"href":"https:\/\/www.achvb.fr\/index.php?rest_route=\/wp\/v2\/pages\/425","targetHints":{"allow":["GET"]}}],"collection":[{"href":"https:\/\/www.achvb.fr\/index.php?rest_route=\/wp\/v2\/pages"}],"about":[{"href":"https:\/\/www.achvb.fr\/index.php?rest_route=\/wp\/v2\/types\/page"}],"author":[{"embeddable":true,"href":"https:\/\/www.achvb.fr\/index.php?rest_route=\/wp\/v2\/users\/4"}],"replies":[{"embeddable":true,"href":"https:\/\/www.achvb.fr\/index.php?rest_route=%2Fwp%2Fv2%2Fcomments&post=425"}],"version-history":[{"count":3,"href":"https:\/\/www.achvb.fr\/index.php?rest_route=\/wp\/v2\/pages\/425\/revisions"}],"predecessor-version":[{"id":758,"href":"https:\/\/www.achvb.fr\/index.php?rest_route=\/wp\/v2\/pages\/425\/revisions\/758"}],"up":[{"embeddable":true,"href":"https:\/\/www.achvb.fr\/index.php?rest_route=\/wp\/v2\/pages\/60"}],"wp:attachment":[{"href":"https:\/\/www.achvb.fr\/index.php?rest_route=%2Fwp%2Fv2%2Fmedia&parent=425"}],"curies":[{"name":"wp","href":"https:\/\/api.w.org\/{rel}","templated":true}]}}