{"id":60,"date":"2022-06-07T17:54:34","date_gmt":"2022-06-07T17:54:34","guid":{"rendered":"https:\/\/achvb.fr\/?page_id=60"},"modified":"2025-08-14T19:44:57","modified_gmt":"2025-08-14T17:44:57","slug":"nos-sections-sportives","status":"publish","type":"page","link":"https:\/\/www.achvb.fr\/?page_id=60","title":{"rendered":"Nos sections sportives"},"content":{"rendered":"<div id=\"pl-gb60-69f26ad3c01f4\"  class=\"panel-layout wp-block-siteorigin-panels-layout-block\" ><div id=\"pg-gb60-69f26ad3c01f4-0\"  class=\"panel-grid panel-no-style\" ><div id=\"pgc-gb60-69f26ad3c01f4-0-0\"  class=\"panel-grid-cell\" ><div id=\"panel-gb60-69f26ad3c01f4-0-0-0\" class=\"so-panel widget widget_sow-editor panel-first-child\" data-index=\"0\" ><div\n\t\t\t\n\t\t\tclass=\"so-widget-sow-editor so-widget-sow-editor-base\"\n\t\t\t\n\t\t>\n<div class=\"siteorigin-widget-tinymce textwidget\">\n\t<p>Vous cherchez \u00e0 pratiquer le volley dans un club dynamique et conviviale. Pas de soucis, vous \u00eates au bonne endroit.<\/p>\n<p>L&rsquo;ACHVB offre la possibilit\u00e9 \u00e0 chacun de trouver la place et le volley qui lui convient au travers de nos diff\u00e9rentes sections :<\/p>\n<p>&#8211; Seniors Comp\u00e9tition<br \/>\n&#8211; Jeunes Comp\u00e9tition (de M13 \u00e0 M21)<br \/>\n&#8211; Loisirs Comp\u00e9tition<br \/>\n&#8211; Loisirs D\u00e9tente\/Libre<br \/>\n&#8211; Ecole de Volley (de 7 \u00e0 11 ans)<br \/>\n&#8211; Baby Volley (de 3 \u00e0 7 ans)<br \/>\n&#8211; Volley adapt\u00e9 (soft volley, fit volley)<\/p>\n<p><a href=\"https:\/\/www.ffvbbeach.org\/ffvbapp\/resu\/planning_club_class.php?cnclub=0590025&amp;saison=2025%2F2026&amp;x=2&amp;y=9\">Tableau G\u00e9n\u00e9ral de l&rsquo;ACHVB<\/a><\/p>\n<\/div>\n<\/div><\/div><div id=\"panel-gb60-69f26ad3c01f4-0-0-1\" class=\"so-panel widget widget_sow-image panel-last-child\" data-index=\"1\" ><div\n\t\t\t\n\t\t\tclass=\"so-widget-sow-image so-widget-sow-image-default-113ccd71f3e6-60\"\n\t\t\t\n\t\t>\n<div class=\"sow-image-container\">\n\t\t<img \n\tsrc=\"https:\/\/www.achvb.fr\/wp-content\/uploads\/2022\/07\/Capture-de\u0301cran-2022-07-26-a\u0300-13.56.05.png\" width=\"824\" height=\"557\" srcset=\"https:\/\/www.achvb.fr\/wp-content\/uploads\/2022\/07\/Capture-de\u0301cran-2022-07-26-a\u0300-13.56.05.png 824w, https:\/\/www.achvb.fr\/wp-content\/uploads\/2022\/07\/Capture-de\u0301cran-2022-07-26-a\u0300-13.56.05-300x203.png 300w, https:\/\/www.achvb.fr\/wp-content\/uploads\/2022\/07\/Capture-de\u0301cran-2022-07-26-a\u0300-13.56.05-768x519.png 768w\" sizes=\"(max-width: 824px) 100vw, 824px\" title=\"Capture d\u2019e\u0301cran 2022-07-26 a\u0300 13.56.05\" alt=\"\" \t\tclass=\"so-widget-image\"\/>\n\t<\/div>\n\n<\/div><\/div><\/div><\/div><\/div>","protected":false},"excerpt":{"rendered":"<p>Vous cherchez \u00e0 pratiquer le volley dans un club dynamique et conviviale. Pas de soucis, vous \u00eates au bonne endroit. L&rsquo;ACHVB offre la possibilit\u00e9 \u00e0 chacun de trouver la place et le volley qui lui convient au travers de nos diff\u00e9rentes sections : &#8211; Seniors Comp\u00e9tition &#8211; Jeunes Comp\u00e9tition (de M13 \u00e0 M21) &#8211; Loisirs<\/p>\n<p class=\"more-link\"><a href=\"https:\/\/www.achvb.fr\/?page_id=60\" class=\"themebutton\">Read More<\/a><\/p>\n","protected":false},"author":4,"featured_media":0,"parent":0,"menu_order":0,"comment_status":"closed","ping_status":"closed","template":"","meta":{"footnotes":""},"class_list":["post-60","page","type-page","status-publish","hentry"],"_links":{"self":[{"href":"https:\/\/www.achvb.fr\/index.php?rest_route=\/wp\/v2\/pages\/60","targetHints":{"allow":["GET"]}}],"collection":[{"href":"https:\/\/www.achvb.fr\/index.php?rest_route=\/wp\/v2\/pages"}],"about":[{"href":"https:\/\/www.achvb.fr\/index.php?rest_route=\/wp\/v2\/types\/page"}],"author":[{"embeddable":true,"href":"https:\/\/www.achvb.fr\/index.php?rest_route=\/wp\/v2\/users\/4"}],"replies":[{"embeddable":true,"href":"https:\/\/www.achvb.fr\/index.php?rest_route=%2Fwp%2Fv2%2Fcomments&post=60"}],"version-history":[{"count":9,"href":"https:\/\/www.achvb.fr\/index.php?rest_route=\/wp\/v2\/pages\/60\/revisions"}],"predecessor-version":[{"id":809,"href":"https:\/\/www.achvb.fr\/index.php?rest_route=\/wp\/v2\/pages\/60\/revisions\/809"}],"wp:attachment":[{"href":"https:\/\/www.achvb.fr\/index.php?rest_route=%2Fwp%2Fv2%2Fmedia&parent=60"}],"curies":[{"name":"wp","href":"https:\/\/api.w.org\/{rel}","templated":true}]}}