{"id":63,"date":"2022-06-07T17:55:23","date_gmt":"2022-06-07T17:55:23","guid":{"rendered":"https:\/\/achvb.fr\/?page_id=63"},"modified":"2022-09-07T13:27:16","modified_gmt":"2022-09-07T11:27:16","slug":"le-bureau","status":"publish","type":"page","link":"https:\/\/www.achvb.fr\/?page_id=63","title":{"rendered":"L&rsquo;ACHVB?"},"content":{"rendered":"<div id=\"pl-gb63-69e2cb16e5d1a\"  class=\"panel-layout\" ><div id=\"pg-gb63-69e2cb16e5d1a-0\"  class=\"panel-grid panel-no-style\" ><div id=\"pgc-gb63-69e2cb16e5d1a-0-0\"  class=\"panel-grid-cell\" ><div id=\"panel-gb63-69e2cb16e5d1a-0-0-0\" class=\"so-panel widget widget_sow-editor panel-first-child panel-last-child\" data-index=\"0\" ><div\n\t\t\t\n\t\t\tclass=\"so-widget-sow-editor so-widget-sow-editor-base\"\n\t\t\t\n\t\t>\n<div class=\"siteorigin-widget-tinymce textwidget\">\n\t<p>Quoi de mieux pour pr\u00e9senter le club que de retracer son histoire de sa cr\u00e9ation \u00e0 ses plus grands succ\u00e8s !!<\/p>\n<\/div>\n<\/div><\/div><\/div><\/div><\/div>\n\n\n<div class=\"wp-block-cp-timeline-content-timeline Cool-Content-Timeline\"><div class=\"cool-timeline-block-e07ee21b-7d4a-4ae9-96d6-39d6de7836e9\"><style scoped=\"true\">.cool-timeline-block-e07ee21b-7d4a-4ae9-96d6-39d6de7836e9 .cool-vertical-timeline-body .story-details h3{color: #0a0a0a;}.cool-timeline-block-e07ee21b-7d4a-4ae9-96d6-39d6de7836e9 .cool-horizontal-timeline-body .story-details h3{color: #0a0a0a;}.cool-timeline-block-e07ee21b-7d4a-4ae9-96d6-39d6de7836e9 .cool-vertical-timeline-body .story-time p{color: #000000;}.cool-timeline-block-e07ee21b-7d4a-4ae9-96d6-39d6de7836e9 .cool-horizontal-timeline-body .story-time p{color: #000000;}.cool-timeline-block-e07ee21b-7d4a-4ae9-96d6-39d6de7836e9 .cool-vertical-timeline-body .story-details p{color: #010101;}.cool-timeline-block-e07ee21b-7d4a-4ae9-96d6-39d6de7836e9 .cool-horizontal-timeline-body .story-details p{color: #010101;}.cool-timeline-block-e07ee21b-7d4a-4ae9-96d6-39d6de7836e9 .cool-vertical-timeline-body::before{background: linear-gradient(to bottom, rgba(230, 230, 230, 0) 0%, #00f 10%, #00f 90%, rgba(230, 230, 230, 0) 100%);}.cool-timeline-block-e07ee21b-7d4a-4ae9-96d6-39d6de7836e9 .cool-horizontal-timeline-body .timeline-content::before{background: #00f;}.cool-timeline-block-e07ee21b-7d4a-4ae9-96d6-39d6de7836e9 .cool-horizontal-timeline-body .timeline-content::after{background: #00f;}.cool-timeline-block-e07ee21b-7d4a-4ae9-96d6-39d6de7836e9 .cool-vertical-timeline-body .timeline-content::before{background: #00f !important;}.cool-timeline-block-e07ee21b-7d4a-4ae9-96d6-39d6de7836e9 .cool-vertical-timeline-body.left .story-details::after{background: #00f !important;}.cool-timeline-block-e07ee21b-7d4a-4ae9-96d6-39d6de7836e9 .cool-vertical-timeline-body.right .story-time::after{background: #00f !important;}.cool-timeline-block-e07ee21b-7d4a-4ae9-96d6-39d6de7836e9 .cool-vertical-timeline-body .timeline-content .timeline-block-icon{background: #fff !important;}.cool-timeline-block-e07ee21b-7d4a-4ae9-96d6-39d6de7836e9 .cool-horizontal-timeline-body .timeline-content .timeline-block-icon{background: #fff !important;}.cool-timeline-block-e07ee21b-7d4a-4ae9-96d6-39d6de7836e9 .cool-vertical-timeline-body.both-sided .timeline-content .position-right .story-details::before{border-right-color: #00f !important;}.cool-timeline-block-e07ee21b-7d4a-4ae9-96d6-39d6de7836e9 .cool-vertical-timeline-body.both-sided .timeline-content .position-left  .story-details::before{border-left-color: #00f !important;}.cool-timeline-block-e07ee21b-7d4a-4ae9-96d6-39d6de7836e9 .cool-vertical-timeline-body.one-sided.left .timeline-content  .story-details::before{border-right-color: #00f !important;}.cool-timeline-block-e07ee21b-7d4a-4ae9-96d6-39d6de7836e9 .cool-vertical-timeline-body.one-sided.right .timeline-content  .story-details::before{border-left-color: #00f !important;}.cool-timeline-block-e07ee21b-7d4a-4ae9-96d6-39d6de7836e9 .cool-vertical-timeline-body .timeline-content  .story-details{border-color: #00f !important;}.cool-timeline-block-e07ee21b-7d4a-4ae9-96d6-39d6de7836e9 .cool-horizontal-timeline-body .timeline-content .ctl-row .ctl-6.timeline-block-detail::before{border-bottom-color: #00f !important;}.cool-timeline-block-e07ee21b-7d4a-4ae9-96d6-39d6de7836e9 .cool-horizontal-timeline-body .ctl-6.timeline-block-detail{border-top-color: #00f !important;}.cool-timeline-block-e07ee21b-7d4a-4ae9-96d6-39d6de7836e9 .cool-vertical-timeline-body .timeline-content  .timeline-block-icon{border-color: #00fFF !important;}.cool-timeline-block-e07ee21b-7d4a-4ae9-96d6-39d6de7836e9 .cool-horizontal-timeline-body .swiper-button-next{color: #00f;}.cool-timeline-block-e07ee21b-7d4a-4ae9-96d6-39d6de7836e9 .cool-horizontal-timeline-body .swiper-button-prev{color: #00f;}.cool-timeline-block-e07ee21b-7d4a-4ae9-96d6-39d6de7836e9 .cool-horizontal-timeline-body .swiper-pagination-bullet-active{background: #00f;}.cool-timeline-block-e07ee21b-7d4a-4ae9-96d6-39d6de7836e9 .icon-true .timeline-block-icon span.timeline-block-render-icon svg{fill: #00f;}<\/style><div class=\"cool-vertical-timeline-body both-sided left\"><div class=\"cool-timeline-block-list\">\n<div class=\"wp-block-cp-timeline-content-timeline-child swiper-slide\"><div class=\"timeline-content icon-true \"><div class=\" timeline-block-timeline ctl-row  position-right\"><div class=\"ctl-6 timeline-block-time\"><div class=\"story-time\"><p>2021\/2022<\/p><\/div><\/div><div class=\"timeline-block-icon\"><span class=\"timeline-block-render-icon\" style=\"fill:white\"><svg xmlns=\"http:\/\/www.w3.org\/2000\/svg\" viewBox=\"0 0 512 512\"><path d=\"M223.75 130.75L154.62 15.54A31.997 31.997 0 0 0 127.18 0H16.03C3.08 0-4.5 14.57 2.92 25.18l111.27 158.96c29.72-27.77 67.52-46.83 109.56-53.39zM495.97 0H384.82c-11.24 0-21.66 5.9-27.44 15.54l-69.13 115.21c42.04 6.56 79.84 25.62 109.56 53.38L509.08 25.18C516.5 14.57 508.92 0 495.97 0zM256 160c-97.2 0-176 78.8-176 176s78.8 176 176 176 176-78.8 176-176-78.8-176-176-176zm92.52 157.26l-37.93 36.96 8.97 52.22c1.6 9.36-8.26 16.51-16.65 12.09L256 393.88l-46.9 24.65c-8.4 4.45-18.25-2.74-16.65-12.09l8.97-52.22-37.93-36.96c-6.82-6.64-3.05-18.23 6.35-19.59l52.43-7.64 23.43-47.52c2.11-4.28 6.19-6.39 10.28-6.39 4.11 0 8.22 2.14 10.33 6.39l23.43 47.52 52.43 7.64c9.4 1.36 13.17 12.95 6.35 19.59z\"><\/path><\/svg><\/span><\/div><div class=\"ctl-6 timeline-block-detail\"><div class=\"story-details\"><div class=\"story-content\"><h3>Premi\u00e8re mont\u00e9e en Pr\u00e9National pour les f\u00e9minines<\/h3><p>Effectif record dans l&rsquo;association avec plus de 230 licenci\u00e9s<\/p><\/div><\/div><\/div><\/div><\/div><\/div>\n\n\n\n<div class=\"wp-block-cp-timeline-content-timeline-child swiper-slide\"><div class=\"timeline-content icon-true \"><div class=\" timeline-block-timeline ctl-row  position-left\"><div class=\"ctl-6 timeline-block-time\"><div class=\"story-time\"><p>2019\/2020<\/p><\/div><\/div><div class=\"timeline-block-icon\"><span class=\"timeline-block-render-icon\" style=\"fill:white\"><svg xmlns=\"http:\/\/www.w3.org\/2000\/svg\" viewBox=\"0 0 640 512\"><path d=\"M384 320H256c-17.67 0-32 14.33-32 32v128c0 17.67 14.33 32 32 32h128c17.67 0 32-14.33 32-32V352c0-17.67-14.33-32-32-32zM192 32c0-17.67-14.33-32-32-32H32C14.33 0 0 14.33 0 32v128c0 17.67 14.33 32 32 32h95.72l73.16 128.04C211.98 300.98 232.4 288 256 288h.28L192 175.51V128h224V64H192V32zM608 0H480c-17.67 0-32 14.33-32 32v128c0 17.67 14.33 32 32 32h128c17.67 0 32-14.33 32-32V32c0-17.67-14.33-32-32-32z\"><\/path><\/svg><\/span><\/div><div class=\"ctl-6 timeline-block-detail\"><div class=\"story-details\"><div class=\"story-content\"><h3>Cr\u00e9ation du \u00ab\u00a0Projet Club\u00a0\u00bb<\/h3><p>afin de developper l&rsquo;association<\/p><\/div><\/div><\/div><\/div><\/div><\/div>\n\n\n\n<div class=\"wp-block-cp-timeline-content-timeline-child swiper-slide\"><div class=\"timeline-content icon-true \"><div class=\" timeline-block-timeline ctl-row  position-right\"><div class=\"ctl-6 timeline-block-time\"><div class=\"story-time\"><p>2018\/2019<\/p><\/div><\/div><div class=\"timeline-block-icon\"><span class=\"timeline-block-render-icon\" style=\"fill:white\"><svg xmlns=\"http:\/\/www.w3.org\/2000\/svg\" viewBox=\"0 0 512 512\"><path d=\"M223.75 130.75L154.62 15.54A31.997 31.997 0 0 0 127.18 0H16.03C3.08 0-4.5 14.57 2.92 25.18l111.27 158.96c29.72-27.77 67.52-46.83 109.56-53.39zM495.97 0H384.82c-11.24 0-21.66 5.9-27.44 15.54l-69.13 115.21c42.04 6.56 79.84 25.62 109.56 53.38L509.08 25.18C516.5 14.57 508.92 0 495.97 0zM256 160c-97.2 0-176 78.8-176 176s78.8 176 176 176 176-78.8 176-176-78.8-176-176-176zm92.52 157.26l-37.93 36.96 8.97 52.22c1.6 9.36-8.26 16.51-16.65 12.09L256 393.88l-46.9 24.65c-8.4 4.45-18.25-2.74-16.65-12.09l8.97-52.22-37.93-36.96c-6.82-6.64-3.05-18.23 6.35-19.59l52.43-7.64 23.43-47.52c2.11-4.28 6.19-6.39 10.28-6.39 4.11 0 8.22 2.14 10.33 6.39l23.43 47.52 52.43 7.64c9.4 1.36 13.17 12.95 6.35 19.59z\"><\/path><\/svg><\/span><\/div><div class=\"ctl-6 timeline-block-detail\"><div class=\"story-details\"><div class=\"story-content\"><h3>Remont\u00e9e en Pr\u00e9-National pour les masculins<\/h3><p><\/p><\/div><\/div><\/div><\/div><\/div><\/div>\n\n\n\n<div class=\"wp-block-cp-timeline-content-timeline-child swiper-slide\"><div class=\"timeline-content icon-true \"><div class=\" timeline-block-timeline ctl-row  position-left\"><div class=\"ctl-6 timeline-block-time\"><div class=\"story-time\"><p>2016\/2017<\/p><\/div><\/div><div class=\"timeline-block-icon\"><span class=\"timeline-block-render-icon\" style=\"fill:white\"><svg xmlns=\"http:\/\/www.w3.org\/2000\/svg\" viewBox=\"0 0 512 512\"><path d=\"M223.75 130.75L154.62 15.54A31.997 31.997 0 0 0 127.18 0H16.03C3.08 0-4.5 14.57 2.92 25.18l111.27 158.96c29.72-27.77 67.52-46.83 109.56-53.39zM495.97 0H384.82c-11.24 0-21.66 5.9-27.44 15.54l-69.13 115.21c42.04 6.56 79.84 25.62 109.56 53.38L509.08 25.18C516.5 14.57 508.92 0 495.97 0zM256 160c-97.2 0-176 78.8-176 176s78.8 176 176 176 176-78.8 176-176-78.8-176-176-176zm92.52 157.26l-37.93 36.96 8.97 52.22c1.6 9.36-8.26 16.51-16.65 12.09L256 393.88l-46.9 24.65c-8.4 4.45-18.25-2.74-16.65-12.09l8.97-52.22-37.93-36.96c-6.82-6.64-3.05-18.23 6.35-19.59l52.43-7.64 23.43-47.52c2.11-4.28 6.19-6.39 10.28-6.39 4.11 0 8.22 2.14 10.33 6.39l23.43 47.52 52.43 7.64c9.4 1.36 13.17 12.95 6.35 19.59z\"><\/path><\/svg><\/span><\/div><div class=\"ctl-6 timeline-block-detail\"><div class=\"story-details\"><div class=\"story-content\"><h3>Remont\u00e9e en R\u00e9gional pour les f\u00e9minines<\/h3><p><\/p><\/div><\/div><\/div><\/div><\/div><\/div>\n\n\n\n<div class=\"wp-block-cp-timeline-content-timeline-child swiper-slide\"><div class=\"timeline-content icon-true \"><div class=\" timeline-block-timeline ctl-row  position-right\"><div class=\"ctl-6 timeline-block-time\"><div class=\"story-time\"><p>2014\/2015<\/p><\/div><\/div><div class=\"timeline-block-icon\"><span class=\"timeline-block-render-icon\" style=\"fill:white\"><svg xmlns=\"http:\/\/www.w3.org\/2000\/svg\" viewBox=\"0 0 512 512\"><path d=\"M223.75 130.75L154.62 15.54A31.997 31.997 0 0 0 127.18 0H16.03C3.08 0-4.5 14.57 2.92 25.18l111.27 158.96c29.72-27.77 67.52-46.83 109.56-53.39zM495.97 0H384.82c-11.24 0-21.66 5.9-27.44 15.54l-69.13 115.21c42.04 6.56 79.84 25.62 109.56 53.38L509.08 25.18C516.5 14.57 508.92 0 495.97 0zM256 160c-97.2 0-176 78.8-176 176s78.8 176 176 176 176-78.8 176-176-78.8-176-176-176zm92.52 157.26l-37.93 36.96 8.97 52.22c1.6 9.36-8.26 16.51-16.65 12.09L256 393.88l-46.9 24.65c-8.4 4.45-18.25-2.74-16.65-12.09l8.97-52.22-37.93-36.96c-6.82-6.64-3.05-18.23 6.35-19.59l52.43-7.64 23.43-47.52c2.11-4.28 6.19-6.39 10.28-6.39 4.11 0 8.22 2.14 10.33 6.39l23.43 47.52 52.43 7.64c9.4 1.36 13.17 12.95 6.35 19.59z\"><\/path><\/svg><\/span><\/div><div class=\"ctl-6 timeline-block-detail\"><div class=\"story-details\"><div class=\"story-content\"><h3>Mont\u00e9e en Nationale 3 pour les masculins<\/h3><p><\/p><\/div><\/div><\/div><\/div><\/div><\/div>\n\n\n\n<div class=\"wp-block-cp-timeline-content-timeline-child swiper-slide\"><div class=\"timeline-content icon-true \"><div class=\" timeline-block-timeline ctl-row  position-left\"><div class=\"ctl-6 timeline-block-time\"><div class=\"story-time\"><p>2014\/2015<\/p><\/div><\/div><div class=\"timeline-block-icon\"><span class=\"timeline-block-render-icon\" style=\"fill:white\"><svg xmlns=\"http:\/\/www.w3.org\/2000\/svg\" viewBox=\"0 0 448 512\"><path d=\"M436 480h-20V24c0-13.255-10.745-24-24-24H56C42.745 0 32 10.745 32 24v456H12c-6.627 0-12 5.373-12 12v20h448v-20c0-6.627-5.373-12-12-12zM128 76c0-6.627 5.373-12 12-12h40c6.627 0 12 5.373 12 12v40c0 6.627-5.373 12-12 12h-40c-6.627 0-12-5.373-12-12V76zm0 96c0-6.627 5.373-12 12-12h40c6.627 0 12 5.373 12 12v40c0 6.627-5.373 12-12 12h-40c-6.627 0-12-5.373-12-12v-40zm52 148h-40c-6.627 0-12-5.373-12-12v-40c0-6.627 5.373-12 12-12h40c6.627 0 12 5.373 12 12v40c0 6.627-5.373 12-12 12zm76 160h-64v-84c0-6.627 5.373-12 12-12h40c6.627 0 12 5.373 12 12v84zm64-172c0 6.627-5.373 12-12 12h-40c-6.627 0-12-5.373-12-12v-40c0-6.627 5.373-12 12-12h40c6.627 0 12 5.373 12 12v40zm0-96c0 6.627-5.373 12-12 12h-40c-6.627 0-12-5.373-12-12v-40c0-6.627 5.373-12 12-12h40c6.627 0 12 5.373 12 12v40zm0-96c0 6.627-5.373 12-12 12h-40c-6.627 0-12-5.373-12-12V76c0-6.627 5.373-12 12-12h40c6.627 0 12 5.373 12 12v40z\"><\/path><\/svg><\/span><\/div><div class=\"ctl-6 timeline-block-detail\"><div class=\"story-details\"><div class=\"story-content\"><h3>R\u00e9novation de la salle Delannoy<\/h3><p><\/p><\/div><\/div><\/div><\/div><\/div><\/div>\n\n\n\n<div class=\"wp-block-cp-timeline-content-timeline-child swiper-slide\"><div class=\"timeline-content icon-false \"><div class=\" timeline-block-timeline ctl-row  position-right\"><div class=\"ctl-6 timeline-block-time\"><div class=\"story-time\"><p>2014\/2015<\/p><\/div><\/div><div class=\"timeline-block-icon\"><\/div><div class=\"ctl-6 timeline-block-detail\"><div class=\"story-details\"><div class=\"story-content\"><h3>Premi\u00e8re participation \u00e0 la coupe de France M21<\/h3><p><\/p><\/div><\/div><\/div><\/div><\/div><\/div>\n\n\n\n<div class=\"wp-block-cp-timeline-content-timeline-child swiper-slide\"><div class=\"timeline-content icon-true \"><div class=\" timeline-block-timeline ctl-row  position-left\"><div class=\"ctl-6 timeline-block-time\"><div class=\"story-time\"><p>2010<\/p><\/div><\/div><div class=\"timeline-block-icon\"><span class=\"timeline-block-render-icon\" style=\"fill:white\"><svg xmlns=\"http:\/\/www.w3.org\/2000\/svg\" viewBox=\"0 0 512 512\"><path d=\"M223.75 130.75L154.62 15.54A31.997 31.997 0 0 0 127.18 0H16.03C3.08 0-4.5 14.57 2.92 25.18l111.27 158.96c29.72-27.77 67.52-46.83 109.56-53.39zM495.97 0H384.82c-11.24 0-21.66 5.9-27.44 15.54l-69.13 115.21c42.04 6.56 79.84 25.62 109.56 53.38L509.08 25.18C516.5 14.57 508.92 0 495.97 0zM256 160c-97.2 0-176 78.8-176 176s78.8 176 176 176 176-78.8 176-176-78.8-176-176-176zm92.52 157.26l-37.93 36.96 8.97 52.22c1.6 9.36-8.26 16.51-16.65 12.09L256 393.88l-46.9 24.65c-8.4 4.45-18.25-2.74-16.65-12.09l8.97-52.22-37.93-36.96c-6.82-6.64-3.05-18.23 6.35-19.59l52.43-7.64 23.43-47.52c2.11-4.28 6.19-6.39 10.28-6.39 4.11 0 8.22 2.14 10.33 6.39l23.43 47.52 52.43 7.64c9.4 1.36 13.17 12.95 6.35 19.59z\"><\/path><\/svg><\/span><\/div><div class=\"ctl-6 timeline-block-detail\"><div class=\"story-details\"><div class=\"story-content\"><h3>Premi\u00e8re mont\u00e9e en R\u00e9gional pour les f\u00e9minines<\/h3><p><\/p><\/div><\/div><\/div><\/div><\/div><\/div>\n\n\n\n<div class=\"wp-block-cp-timeline-content-timeline-child swiper-slide\"><div class=\"timeline-content icon-true \"><div class=\" timeline-block-timeline ctl-row  position-right\"><div class=\"ctl-6 timeline-block-time\"><div class=\"story-time\"><p>2007<\/p><\/div><\/div><div class=\"timeline-block-icon\"><span class=\"timeline-block-render-icon\" style=\"fill:white\"><svg xmlns=\"http:\/\/www.w3.org\/2000\/svg\" viewBox=\"0 0 512 512\"><path d=\"M223.75 130.75L154.62 15.54A31.997 31.997 0 0 0 127.18 0H16.03C3.08 0-4.5 14.57 2.92 25.18l111.27 158.96c29.72-27.77 67.52-46.83 109.56-53.39zM495.97 0H384.82c-11.24 0-21.66 5.9-27.44 15.54l-69.13 115.21c42.04 6.56 79.84 25.62 109.56 53.38L509.08 25.18C516.5 14.57 508.92 0 495.97 0zM256 160c-97.2 0-176 78.8-176 176s78.8 176 176 176 176-78.8 176-176-78.8-176-176-176zm92.52 157.26l-37.93 36.96 8.97 52.22c1.6 9.36-8.26 16.51-16.65 12.09L256 393.88l-46.9 24.65c-8.4 4.45-18.25-2.74-16.65-12.09l8.97-52.22-37.93-36.96c-6.82-6.64-3.05-18.23 6.35-19.59l52.43-7.64 23.43-47.52c2.11-4.28 6.19-6.39 10.28-6.39 4.11 0 8.22 2.14 10.33 6.39l23.43 47.52 52.43 7.64c9.4 1.36 13.17 12.95 6.35 19.59z\"><\/path><\/svg><\/span><\/div><div class=\"ctl-6 timeline-block-detail\"><div class=\"story-details\"><div class=\"story-content\"><h3>Premi\u00e8re mont\u00e9e en R\u00e9gional pour les masculins<\/h3><p><\/p><\/div><\/div><\/div><\/div><\/div><\/div>\n\n\n\n<div class=\"wp-block-cp-timeline-content-timeline-child swiper-slide\"><div class=\"timeline-content icon-true \"><div class=\" timeline-block-timeline ctl-row  position-left\"><div class=\"ctl-6 timeline-block-time\"><div class=\"story-time\"><p>1999<\/p><\/div><\/div><div class=\"timeline-block-icon\"><span class=\"timeline-block-render-icon\" style=\"fill:white\"><svg xmlns=\"http:\/\/www.w3.org\/2000\/svg\" viewBox=\"0 0 512 512\"><path d=\"M231.39 243.48a285.56 285.56 0 0 0-22.7-105.7c-90.8 42.4-157.5 122.4-180.3 216.8a249 249 0 0 0 56.9 81.1 333.87 333.87 0 0 1 146.1-192.2zm-36.9-134.4a284.23 284.23 0 0 0-57.4-70.7c-91 49.8-144.8 152.9-125 262.2 33.4-83.1 98.4-152 182.4-191.5zm187.6 165.1c8.6-99.8-27.3-197.5-97.5-264.4-14.7-1.7-51.6-5.5-98.9 8.5A333.87 333.87 0 0 1 279.19 241a285 285 0 0 0 102.9 33.18zm-124.7 9.5a286.33 286.33 0 0 0-80.2 72.6c82 57.3 184.5 75.1 277.5 47.8a247.15 247.15 0 0 0 42.2-89.9 336.1 336.1 0 0 1-80.9 10.4c-54.6-.1-108.9-14.1-158.6-40.9zm-98.3 99.7c-15.2 26-25.7 54.4-32.1 84.2a247.07 247.07 0 0 0 289-22.1c-112.9 16.1-203.3-24.8-256.9-62.1zm180.3-360.6c55.3 70.4 82.5 161.2 74.6 253.6a286.59 286.59 0 0 0 89.7-14.2c0-2 .3-4 .3-6 0-107.8-68.7-199.1-164.6-233.4z\"><\/path><\/svg><\/span><\/div><div class=\"ctl-6 timeline-block-detail\"><div class=\"story-details\"><div class=\"story-content\"><h3>Cr\u00e9ation de la section Volley Ball<\/h3><p><\/p><\/div><\/div><\/div><\/div><\/div><\/div>\n\n\n\n<div class=\"wp-block-cp-timeline-content-timeline-child swiper-slide\"><div class=\"timeline-content icon-true \"><div class=\" timeline-block-timeline ctl-row  position-right\"><div class=\"ctl-6 timeline-block-time\"><div class=\"story-time\"><p>1922<\/p><\/div><\/div><div class=\"timeline-block-icon\"><span class=\"timeline-block-render-icon\" style=\"fill:white\"><svg xmlns=\"http:\/\/www.w3.org\/2000\/svg\" viewBox=\"0 0 448 512\"><path d=\"M0 464c0 26.5 21.5 48 48 48h352c26.5 0 48-21.5 48-48V192H0v272zm320-196c0-6.6 5.4-12 12-12h40c6.6 0 12 5.4 12 12v40c0 6.6-5.4 12-12 12h-40c-6.6 0-12-5.4-12-12v-40zm0 128c0-6.6 5.4-12 12-12h40c6.6 0 12 5.4 12 12v40c0 6.6-5.4 12-12 12h-40c-6.6 0-12-5.4-12-12v-40zM192 268c0-6.6 5.4-12 12-12h40c6.6 0 12 5.4 12 12v40c0 6.6-5.4 12-12 12h-40c-6.6 0-12-5.4-12-12v-40zm0 128c0-6.6 5.4-12 12-12h40c6.6 0 12 5.4 12 12v40c0 6.6-5.4 12-12 12h-40c-6.6 0-12-5.4-12-12v-40zM64 268c0-6.6 5.4-12 12-12h40c6.6 0 12 5.4 12 12v40c0 6.6-5.4 12-12 12H76c-6.6 0-12-5.4-12-12v-40zm0 128c0-6.6 5.4-12 12-12h40c6.6 0 12 5.4 12 12v40c0 6.6-5.4 12-12 12H76c-6.6 0-12-5.4-12-12v-40zM400 64h-48V16c0-8.8-7.2-16-16-16h-32c-8.8 0-16 7.2-16 16v48H160V16c0-8.8-7.2-16-16-16h-32c-8.8 0-16 7.2-16 16v48H48C21.5 64 0 85.5 0 112v48h448v-48c0-26.5-21.5-48-48-48z\"><\/path><\/svg><\/span><\/div><div class=\"ctl-6 timeline-block-detail\"><div class=\"story-details\"><div class=\"story-content\"><h3>Cr\u00e9ation de l&rsquo;Amicale Laique du Centre<\/h3><p><\/p><\/div><\/div><\/div><\/div><\/div><\/div>\n<\/div><\/div><\/div><\/div>\n","protected":false},"excerpt":{"rendered":"<p>Quoi de mieux pour pr\u00e9senter le club que de retracer son histoire de sa cr\u00e9ation \u00e0 ses plus grands succ\u00e8s !!<\/p>\n","protected":false},"author":4,"featured_media":0,"parent":0,"menu_order":0,"comment_status":"closed","ping_status":"closed","template":"","meta":{"footnotes":""},"class_list":["post-63","page","type-page","status-publish","hentry"],"_links":{"self":[{"href":"https:\/\/www.achvb.fr\/index.php?rest_route=\/wp\/v2\/pages\/63","targetHints":{"allow":["GET"]}}],"collection":[{"href":"https:\/\/www.achvb.fr\/index.php?rest_route=\/wp\/v2\/pages"}],"about":[{"href":"https:\/\/www.achvb.fr\/index.php?rest_route=\/wp\/v2\/types\/page"}],"author":[{"embeddable":true,"href":"https:\/\/www.achvb.fr\/index.php?rest_route=\/wp\/v2\/users\/4"}],"replies":[{"embeddable":true,"href":"https:\/\/www.achvb.fr\/index.php?rest_route=%2Fwp%2Fv2%2Fcomments&post=63"}],"version-history":[{"count":7,"href":"https:\/\/www.achvb.fr\/index.php?rest_route=\/wp\/v2\/pages\/63\/revisions"}],"predecessor-version":[{"id":470,"href":"https:\/\/www.achvb.fr\/index.php?rest_route=\/wp\/v2\/pages\/63\/revisions\/470"}],"wp:attachment":[{"href":"https:\/\/www.achvb.fr\/index.php?rest_route=%2Fwp%2Fv2%2Fmedia&parent=63"}],"curies":[{"name":"wp","href":"https:\/\/api.w.org\/{rel}","templated":true}]}}